{"id":12362,"date":"2020-07-01T04:07:07","date_gmt":"2020-07-01T02:07:07","guid":{"rendered":"https:\/\/www.linden-theater-frechen.de\/?page_id=12362"},"modified":"2021-07-03T14:50:56","modified_gmt":"2021-07-03T12:50:56","slug":"parkplatzfinder","status":"publish","type":"page","link":"https:\/\/www.linden-theater-frechen.de\/?page_id=12362","title":{"rendered":"Parkplatzfinder"},"content":{"rendered":"\n<p>Auf dieser Seite k\u00f6nnen Sie sich einen \u00dcberblick \u00fcber die im Umfeld des Linden-Theaters (rot) erreichbaren Parkpl\u00e4tze (blau) verschaffen. Am Linden-Theater selbst befinden sich etwa 20 Stellpl\u00e4tze. Weitere Einzelparkpl\u00e4tze finden Sie ggfs. in den Stra\u00dfen um das Kino herum sowie am Freiheitsring. Vermeiden Sie es aber bitte, Einfahrten oder Garagen der Anwohner zu blockieren! Die Stellpl\u00e4tze direkt vor der Fahrschule am Linden-Theater m\u00fcssen jederzeit frei gehalten werden!<\/p>\n\n\n\n<figure class=\"wp-block-image size-large\"><img data-recalc-dims=\"1\" loading=\"lazy\" decoding=\"async\" width=\"486\" height=\"706\" src=\"https:\/\/i0.wp.com\/www.linden-theater-frechen.de\/wp-content\/uploads\/2020\/08\/Parkplaetze_M.png?resize=486%2C706&#038;ssl=1\" alt=\"\" class=\"wp-image-12498\" srcset=\"https:\/\/i0.wp.com\/www.linden-theater-frechen.de\/wp-content\/uploads\/2020\/08\/Parkplaetze_M.png?w=486&amp;ssl=1 486w, https:\/\/i0.wp.com\/www.linden-theater-frechen.de\/wp-content\/uploads\/2020\/08\/Parkplaetze_M.png?resize=207%2C300&amp;ssl=1 207w, https:\/\/i0.wp.com\/www.linden-theater-frechen.de\/wp-content\/uploads\/2020\/08\/Parkplaetze_M.png?resize=103%2C150&amp;ssl=1 103w, https:\/\/i0.wp.com\/www.linden-theater-frechen.de\/wp-content\/uploads\/2020\/08\/Parkplaetze_M.png?resize=400%2C581&amp;ssl=1 400w\" sizes=\"auto, (max-width: 486px) 100vw, 486px\" \/><\/figure>\n","protected":false},"excerpt":{"rendered":"\n<p>Auf dieser Seite k\u00f6nnen Sie sich einen \u00dcberblick \u00fcber die im Umfeld des Linden-Theaters (rot) erreichbaren Parkpl\u00e4tze (blau) verschaffen. Am Linden-Theater selbst befinden sich etwa 20 Stellpl\u00e4tze. Weitere Einzelparkpl\u00e4tze finden Sie ggfs. in den Stra\u00dfen um das Kino herum sowie am Freiheitsring. Vermeiden Sie es aber bitte, Einfahrten oder Garagen der Anwohner zu blockieren! [&#8230;]<\/p>\n","protected":false},"author":83,"featured_media":0,"parent":0,"menu_order":2,"comment_status":"closed","ping_status":"closed","template":"","meta":{"jetpack_post_was_ever_published":false,"footnotes":""},"class_list":["post-12362","page","type-page","status-publish","hentry","odd"],"jetpack_shortlink":"https:\/\/wp.me\/P3dBae-3do","jetpack_sharing_enabled":true,"_links":{"self":[{"href":"https:\/\/www.linden-theater-frechen.de\/index.php?rest_route=\/wp\/v2\/pages\/12362","targetHints":{"allow":["GET"]}}],"collection":[{"href":"https:\/\/www.linden-theater-frechen.de\/index.php?rest_route=\/wp\/v2\/pages"}],"about":[{"href":"https:\/\/www.linden-theater-frechen.de\/index.php?rest_route=\/wp\/v2\/types\/page"}],"author":[{"embeddable":true,"href":"https:\/\/www.linden-theater-frechen.de\/index.php?rest_route=\/wp\/v2\/users\/83"}],"replies":[{"embeddable":true,"href":"https:\/\/www.linden-theater-frechen.de\/index.php?rest_route=%2Fwp%2Fv2%2Fcomments&post=12362"}],"version-history":[{"count":4,"href":"https:\/\/www.linden-theater-frechen.de\/index.php?rest_route=\/wp\/v2\/pages\/12362\/revisions"}],"predecessor-version":[{"id":12829,"href":"https:\/\/www.linden-theater-frechen.de\/index.php?rest_route=\/wp\/v2\/pages\/12362\/revisions\/12829"}],"wp:attachment":[{"href":"https:\/\/www.linden-theater-frechen.de\/index.php?rest_route=%2Fwp%2Fv2%2Fmedia&parent=12362"}],"curies":[{"name":"wp","href":"https:\/\/api.w.org\/{rel}","templated":true}]}}