{"id":14138,"date":"2023-01-13T16:02:45","date_gmt":"2023-01-13T14:02:45","guid":{"rendered":"https:\/\/www.linden-theater-frechen.de\/?page_id=14138"},"modified":"2023-01-31T13:50:13","modified_gmt":"2023-01-31T11:50:13","slug":"karten-reservierung-2","status":"publish","type":"page","link":"https:\/\/www.linden-theater-frechen.de\/?page_id=14138","title":{"rendered":"Reservierung"},"content":{"rendered":"<h3>Sie wollen sich in den n\u00e4chsten Tagen bei uns einen Film anschauen?<\/h3>\n<h4 style=\"text-align: justify;\">Dann reservieren Sie doch:<\/h4>\n<h4 style=\"text-align: justify;\"><strong>Telefonisch:<\/strong><\/h4>\n<p style=\"text-align: justify;\"><span style=\"color: #ff0000;\"><strong>02234 \/ 27 14 37<\/strong><\/span> (Programmansage mit Anrufbeantworter)<\/p>\n<p style=\"text-align: justify;\">Bitte geben Sie bei der Reservierung Ihren Namen und die Anzahl der gew\u00fcnschten Karten an!<\/p>\n<p style=\"text-align: justify;\"><strong><span style=\"color: #ff0000;\">Wunschpl\u00e4tze\/Logenreservierung derzeit nicht m\u00f6glich. Aufgrund der freien Sitzplatzwahl werden Sie jedoch meistens Logenpl\u00e4tze nutzen k\u00f6nnen.<\/span><\/strong><\/p>\n<h4 style=\"text-align: left;\">Oder schicken Sie uns doch einfach eine Online-Reservierung:<\/h4>\n<p style=\"text-align: justify;\"><span style=\"color: #ff0000;\"><em><strong>(*) sind Pflichtfelder<\/strong><\/em><\/span><\/p>\n<p><!-- [contact-form-7 id=\"1918\" title=\"Karten-Reservierung\"] --><\/p>\n\n<div class=\"wpcf7 no-js\" id=\"wpcf7-f12286-o1\" lang=\"en-US\" dir=\"ltr\" data-wpcf7-id=\"12286\">\n<div class=\"screen-reader-response\"><p role=\"status\" aria-live=\"polite\" aria-atomic=\"true\"><\/p> <ul><\/ul><\/div>\n<form action=\"\/index.php?rest_route=%2Fwp%2Fv2%2Fpages%2F14138#wpcf7-f12286-o1\" method=\"post\" class=\"wpcf7-form init\" aria-label=\"Contact form\" novalidate=\"novalidate\" data-status=\"init\">\n<fieldset class=\"hidden-fields-container\"><input type=\"hidden\" name=\"_wpcf7\" value=\"12286\" \/><input type=\"hidden\" name=\"_wpcf7_version\" value=\"6.1.5\" \/><input type=\"hidden\" name=\"_wpcf7_locale\" value=\"en_US\" \/><input type=\"hidden\" name=\"_wpcf7_unit_tag\" value=\"wpcf7-f12286-o1\" \/><input type=\"hidden\" name=\"_wpcf7_container_post\" value=\"0\" \/><input type=\"hidden\" name=\"_wpcf7_posted_data_hash\" value=\"\" \/>\n<\/fieldset>\n<p>Name (*)\n<\/p>\n<p><span class=\"wpcf7-form-control-wrap\" data-name=\"text-981\"><input size=\"40\" maxlength=\"400\" class=\"wpcf7-form-control wpcf7-text wpcf7-validates-as-required\" aria-required=\"true\" aria-invalid=\"false\" value=\"\" type=\"text\" name=\"text-981\" \/><\/span>\n<\/p>\n<p>E-Mail (*)\n<\/p>\n<p><span class=\"wpcf7-form-control-wrap\" data-name=\"email-903\"><input size=\"40\" maxlength=\"400\" class=\"wpcf7-form-control wpcf7-email wpcf7-validates-as-required wpcf7-text wpcf7-validates-as-email\" aria-required=\"true\" aria-invalid=\"false\" value=\"\" type=\"email\" name=\"email-903\" \/><\/span>\n<\/p>\n<p>Datum (*)\n<\/p>\n<p><span class=\"wpcf7-form-control-wrap\" data-name=\"text-258\"><input size=\"40\" maxlength=\"400\" class=\"wpcf7-form-control wpcf7-text wpcf7-validates-as-required\" aria-required=\"true\" aria-invalid=\"false\" value=\"\" type=\"text\" name=\"text-258\" \/><\/span>\n<\/p>\n<p>Uhrzeit (*)\n<\/p>\n<p><span class=\"wpcf7-form-control-wrap\" data-name=\"text-335\"><input size=\"40\" maxlength=\"400\" class=\"wpcf7-form-control wpcf7-text wpcf7-validates-as-required\" aria-required=\"true\" aria-invalid=\"false\" value=\"\" type=\"text\" name=\"text-335\" \/><\/span>\n<\/p>\n<p>Gew\u00fcnschter Film (*)\n<\/p>\n<p><span class=\"wpcf7-form-control-wrap\" data-name=\"text-476\"><input size=\"40\" maxlength=\"400\" class=\"wpcf7-form-control wpcf7-text wpcf7-validates-as-required\" aria-required=\"true\" aria-invalid=\"false\" value=\"\" type=\"text\" name=\"text-476\" \/><\/span>\n<\/p>\n<p>Karten-Anzahl (*)\n<\/p>\n<p><span class=\"wpcf7-form-control-wrap\" data-name=\"text-542\"><input size=\"40\" maxlength=\"400\" class=\"wpcf7-form-control wpcf7-text wpcf7-validates-as-required\" aria-required=\"true\" aria-invalid=\"false\" value=\"\" type=\"text\" name=\"text-542\" \/><\/span>\n<\/p>\n<p>Karten-Art (*)\n<\/p>\n<p><span class=\"wpcf7-form-control-wrap\" data-name=\"menu-363\"><select class=\"wpcf7-form-control wpcf7-select wpcf7-validates-as-required\" aria-required=\"true\" aria-invalid=\"false\" name=\"menu-363\"><option value=\"\">&#8212;Please choose an option&#8212;<\/option><option value=\"Freie Platzwahl - derzeit keine Logenreservierung m\u00f6glich\">Freie Platzwahl - derzeit keine Logenreservierung m\u00f6glich<\/option><\/select><\/span>\n<\/p>\n<p>Sonstige Anmerkungen? Wunschpl\u00e4tze\/Logenreservierung derzeit nicht m\u00f6glich - es gilt freie Platzwahl.\n<\/p>\n<p><span class=\"wpcf7-form-control-wrap\" data-name=\"text-856\"><input size=\"40\" maxlength=\"400\" class=\"wpcf7-form-control wpcf7-text\" aria-invalid=\"false\" value=\"\" type=\"text\" name=\"text-856\" \/><\/span>\n<\/p>\n<p>Unseren w\u00f6chentlichen\n\t<bold>Programm-Newsletter\n\t<\/bold> per eMail abonnieren?\n<\/p>\n<p><span class=\"wpcf7-form-control-wrap\" data-name=\"menu-791\"><select class=\"wpcf7-form-control wpcf7-select wpcf7-validates-as-required\" id=\"Newsletter\" aria-required=\"true\" aria-invalid=\"false\" name=\"menu-791\"><option value=\"nein\">nein<\/option><option value=\"ja\">ja<\/option><\/select><\/span>\n<\/p>\n<p><input type=\"hidden\" name=\"_wpcf7_captcha_challenge_captcha-267\" value=\"1194565866\" \/><img data-recalc-dims=\"1\" loading=\"lazy\" decoding=\"async\" class=\"wpcf7-form-control wpcf7-captchac wpcf7-captcha-captcha-267\" width=\"84\" height=\"28\" alt=\"captcha\" src=\"https:\/\/i0.wp.com\/www.linden-theater-frechen.de\/wp-content\/uploads\/wpcf7_captcha\/1194565866.png?resize=84%2C28&#038;ssl=1\" \/>\n<\/p>\n<p>Bitte oben angegebene Zahlen-\/Nummern-Kombination eingeben\n<\/p>\n<p><span class=\"wpcf7-form-control-wrap\" data-name=\"captcha-267\"><input size=\"40\" class=\"wpcf7-form-control wpcf7-captchar\" autocomplete=\"off\" aria-invalid=\"false\" value=\"\" type=\"text\" name=\"captcha-267\" \/><\/span>\n<\/p>\n<p>Unsere Datenschutzerkl\u00e4rung und Impressum finden Sie <a href=\"https:\/\/www.linden-theater-frechen.de\/?page_id=2\">hier<\/a>\n<\/p>\n<p><input class=\"wpcf7-form-control wpcf7-submit has-spinner\" type=\"submit\" value=\"Senden\" \/>\n<\/p><p style=\"display: none !important;\" class=\"akismet-fields-container\" data-prefix=\"_wpcf7_ak_\"><label>&#916;<textarea name=\"_wpcf7_ak_hp_textarea\" cols=\"45\" rows=\"8\" maxlength=\"100\"><\/textarea><\/label><input type=\"hidden\" id=\"ak_js_1\" name=\"_wpcf7_ak_js\" value=\"13\"\/><script>document.getElementById( \"ak_js_1\" ).setAttribute( \"value\", ( new Date() ).getTime() );<\/script><\/p><div class=\"wpcf7-response-output\" aria-hidden=\"true\"><\/div>\n<\/form>\n<\/div>\n\n<h5 style=\"text-align: left;\"><span style=\"color: #ff0000;\"><strong><em>(Momentan scheinen Best\u00e4tigungen f\u00fcr ihre Reservierungen oft nicht zugestellt zu werden. Sie k\u00f6nnen aber mit Sicherheit davon ausgehen, dass uns ihre Reservierung erreicht hat, wenn nach dem Senden des Formulars gr\u00fcn umrandet &#8218;<span style=\"color: #339966;\">Ihre Nachricht wurde erfolgreich versendet. Vielen Dank!<\/span>&#8218; erscheint.)<\/em><\/strong><\/span><\/h5>\n<p>Nach erfolgter Reservierung erhalten Sie automatisch eine Best\u00e4tigung \u00fcber die reservierten Karten an die von Ihnen angegebene E-Mail-Adresse. Bitte achten Sie daher besonders auf die korrekte Angabe Ihrer E-Mail-Adresse.<\/p>\n","protected":false},"excerpt":{"rendered":"<p>Sie wollen sich in den n\u00e4chsten Tagen bei uns einen Film anschauen? Dann reservieren Sie doch: Telefonisch: <\/p>\n<p style=\"text-align: justify;\">02234 \/ 27 14 37 (Programmansage mit Anrufbeantworter)<\/p>\n<p style=\"text-align: justify;\">Bitte geben Sie bei der Reservierung Ihren Namen und die Anzahl der gew\u00fcnschten Karten an!<\/p>\n<p style=\"text-align: justify;\">Wunschpl\u00e4tze\/Logenreservierung derzeit nicht m\u00f6glich. Aufgrund der freien Sitzplatzwahl werden [&#8230;]<\/p>\n","protected":false},"author":83,"featured_media":0,"parent":0,"menu_order":0,"comment_status":"open","ping_status":"closed","template":"","meta":{"jetpack_post_was_ever_published":true,"footnotes":""},"class_list":["post-14138","page","type-page","status-publish","hentry","odd"],"jetpack_shortlink":"https:\/\/wp.me\/P3dBae-3G2","jetpack_sharing_enabled":true,"_links":{"self":[{"href":"https:\/\/www.linden-theater-frechen.de\/index.php?rest_route=\/wp\/v2\/pages\/14138","targetHints":{"allow":["GET"]}}],"collection":[{"href":"https:\/\/www.linden-theater-frechen.de\/index.php?rest_route=\/wp\/v2\/pages"}],"about":[{"href":"https:\/\/www.linden-theater-frechen.de\/index.php?rest_route=\/wp\/v2\/types\/page"}],"author":[{"embeddable":true,"href":"https:\/\/www.linden-theater-frechen.de\/index.php?rest_route=\/wp\/v2\/users\/83"}],"replies":[{"embeddable":true,"href":"https:\/\/www.linden-theater-frechen.de\/index.php?rest_route=%2Fwp%2Fv2%2Fcomments&post=14138"}],"version-history":[{"count":1,"href":"https:\/\/www.linden-theater-frechen.de\/index.php?rest_route=\/wp\/v2\/pages\/14138\/revisions"}],"predecessor-version":[{"id":14139,"href":"https:\/\/www.linden-theater-frechen.de\/index.php?rest_route=\/wp\/v2\/pages\/14138\/revisions\/14139"}],"wp:attachment":[{"href":"https:\/\/www.linden-theater-frechen.de\/index.php?rest_route=%2Fwp%2Fv2%2Fmedia&parent=14138"}],"curies":[{"name":"wp","href":"https:\/\/api.w.org\/{rel}","templated":true}]}}