{"id":1592,"date":"2011-04-12T11:32:27","date_gmt":"2011-04-12T10:32:27","guid":{"rendered":"http:\/\/www.lindentheater-frechen.de\/?page_id=1592"},"modified":"2016-12-25T13:52:52","modified_gmt":"2016-12-25T11:52:52","slug":"anfahrt","status":"publish","type":"page","link":"https:\/\/www.linden-theater-frechen.de\/?page_id=1592","title":{"rendered":"Anfahrt"},"content":{"rendered":"<h2><strong>So finden Sie uns:<\/strong><\/h2>\n<h3><span style=\"text-decoration: underline;\">Aus Richtung K\u00f6ln:<\/span><\/h3>\n<p>\u00dcber die <strong>D\u00fcrener Stra\u00dfe <\/strong>stadtausw\u00e4rts. Hinter der Autobahnauffahrt <strong>Frechen\/Kreuz K\u00f6ln-West<\/strong> rechts abbiegen in die K\u00f6lner Stra\u00dfe. Dem Stra\u00dfenverlauf folgen bis zum Kreisverkehr Freiheitsring\/Dr. Tusch-Stra\u00dfe\/Lindenstra\u00dfe. Hier die erste Ausfahrt in die Lindenstra\u00dfe nehmen. Nach ca. 200 m liegt das Linden-Theater auf der linken Stra\u00dfenseite<strong>.<\/strong><\/p>\n<p>Oder \u00fcber die <strong>Aachener Stra\u00dfe<\/strong> stadtausw\u00e4rts fahren bis zur Kreuzung Bonnstra\u00dfe. Dort links abbiegen in Richtung Frechen. Hinter der Autobahnanschlussstelle an der n\u00e4chsten Kreuzung rechts abbiegen in die Krankenhausstra\u00dfe. Dem Stra\u00dfenverlauf\u00a0 folgen bis zum Kreisverkehr, dort an der dritten Ausfahrt links in die Lindenstra\u00dfe abbiegen, nach ca. 800 m liegt das Linden-Theater auf der rechten Stra\u00dfenseite.<\/p>\n<p>\u00dcber die <strong>Autobahn A4<\/strong> bis zur <strong>Ausfahrt Frechen<\/strong>. Weiter wie Beschreibung D\u00fcrener Stra\u00dfe.<\/p>\n<h3><span style=\"text-decoration: underline;\">Aus Richtung H\u00fcrth<\/span>:<\/h3>\n<p>\u00dcber die <strong>Bonnstra\u00dfe<\/strong> in Richtung Frechen fahren. Hinter dem Keramion und der Bahnunterf\u00fchrung links abbiegen in die K\u00f6lner Stra\u00dfe. Dem Stra\u00dfenverlauf folgen bis zum Kreisverkehr Freiheitsring\/Dr. Tusch-Stra\u00dfe\/Lindenstra\u00dfe. Hier die erste Ausfahrt in die Lindenstra\u00dfe nehmen. Nach ca. 200 m liegt das Linden-Theater auf der linken Stra\u00dfenseite<strong>.<\/strong><\/p>\n<h3><strong><br \/>\n<span style=\"text-decoration: underline;\">Aus Richtung Pulheim\/Brauweiler:<\/span><\/strong><\/h3>\n<p>siehe Richtung K\u00f6ln\/Aachener Stra\u00dfe<\/p>\n<h3><strong><br \/>\n<span style=\"text-decoration: underline;\">Aus Richtung Kerpen\/Bergheim:<\/span><\/strong><\/h3>\n<p>Die<strong> A4 <\/strong>bis zur<strong> Ausfahrt Frechen-Nord<\/strong> fahren. Rechts auf die Bonnstra\u00dfe abbiegen. An der n\u00e4chsten Kreuzung rechts abbiegen in die Krankenhausstra\u00dfe. Dem Stra\u00dfenverlauf\u00a0 folgen bis zum Kreisverkehr, dort an der dritten Ausfahrt links in die Lindenstra\u00dfe abbiegen, nach ca. 800 m liegt das Linden-Theater auf der rechten Stra\u00dfenseite.<\/p>\n<p>Oder von Kerpen-Horrem aus der<strong> L277<\/strong> \u00fcber Neu-Bottenbroich und Frechen-Habbelrath bis Frechen folgen. In Frechen dem Stra\u00dfenverlauf folgen bis zur Ecke Freiheitsring\/Blindgasse. Rechts abbiegen auf den Freiheitsring. Am nachfolgenden Kreisverkehr links halten und in die Lindenstra\u00dfe einbiegen. Nach ca. 200 m liegt das Linden-Theater auf der linken Stra\u00dfenseite.<\/p>\n<h3><span style=\"text-decoration: underline;\">Aus Richtung T\u00fcrnich:<\/span><\/h3>\n<p>Die<strong> B264 (Holzstra\u00dfe)<\/strong> in Richtung Frechen fahren. An der Kreuzung Neuer Weg links abbiegen und der Stra\u00dfe bis zum Ende folgen. Dann rechts abbiegen auf die D\u00fcrener Stra\u00dfe. Dem Stra\u00dfenverlauf folgen bis zur Ecke Freiheitsring\/Blindgasse. Rechts abbiegen auf den Freiheitsring. Am nachfolgenden Kreisverkehr links halten und in die Lindenstra\u00dfe einbiegen. Nach ca. 200 m liegt das Linden-Theater auf der linken Stra\u00dfenseite.<\/p>\n<h3><span style=\"text-decoration: underline;\">Mit \u00f6ffentlichen Verkehrsmitteln:<\/span><\/h3>\n<p>Stra\u00dfenbahnlinie 7 bis Haltestelle Frechen-Rathaus. Div. KVB-\/RVK-Bauslinien bis Busbahnhof Frechen.<\/p>\n<p>Von dort die Dr. Tusch-Stra\u00dfe in n\u00f6rlicher Richtung (Richtung Marktkauf) nehmen. Geradeaus \u00fcber den Kreisverkehr in die Lindenstra\u00dfe einbiegen. Nach ca. 200 m liegt das Linden-Theater auf der linken Stra\u00dfenseite. Gesamte Gehstrecke ca. 500 m.<\/p>\n<h2><span style=\"text-decoration: underline;\">Parkpl\u00e4tze<\/span><\/h2>\n<p>Am Kino selbst ist ein kleiner Parkplatz, der jedoch schnell voll ist.<\/p>\n<p>Weitere Parkm\u00f6glichkeiten finden Sie z. B. an der Allee zum Sportpark, am Frechener Gymnasium am Rotdornweg oder im Parkhaus an der Alte Stra\u00dfe. Von allen diesen Parkm\u00f6glichkeiten ist das Kino in wenigen Gehminuten zu erreichen.<\/p>\n<p>&nbsp;<\/p>\n<h2><span style=\"text-decoration: underline;\">Lageplan<\/span><\/h2>\n<p><a class=\"lightbox\" title=\"Wegbeschreibung Kino\" href=\"https:\/\/i0.wp.com\/www.lindentheater-frechen.de\/wp-content\/uploads\/2011\/04\/Wegbeschreibung-Kino.jpg\"><img data-recalc-dims=\"1\" loading=\"lazy\" decoding=\"async\" class=\"aligncenter size-large wp-image-1593\" title=\"Wegbeschreibung Kino\" src=\"https:\/\/i0.wp.com\/www.lindentheater-frechen.de\/wp-content\/uploads\/2011\/04\/Wegbeschreibung-Kino-1024x719.jpg?resize=640%2C449\" alt=\"\" width=\"640\" height=\"449\" \/><\/a><\/p>\n<p>&nbsp;<\/p>\n<p>&nbsp;<\/p>\n<p>&nbsp;<\/p>\n<p>&nbsp;<\/p>\n","protected":false},"excerpt":{"rendered":"<p>So finden Sie uns: Aus Richtung K\u00f6ln: <\/p>\n<p>\u00dcber die D\u00fcrener Stra\u00dfe stadtausw\u00e4rts. Hinter der Autobahnauffahrt Frechen\/Kreuz K\u00f6ln-West rechts abbiegen in die K\u00f6lner Stra\u00dfe. Dem Stra\u00dfenverlauf folgen bis zum Kreisverkehr Freiheitsring\/Dr. Tusch-Stra\u00dfe\/Lindenstra\u00dfe. Hier die erste Ausfahrt in die Lindenstra\u00dfe nehmen. Nach ca. 200 m liegt das Linden-Theater auf der linken Stra\u00dfenseite.<\/p>\n<p>Oder \u00fcber die Aachener Stra\u00dfe [&#8230;]<\/p>\n","protected":false},"author":3,"featured_media":0,"parent":10,"menu_order":4,"comment_status":"open","ping_status":"closed","template":"","meta":{"jetpack_post_was_ever_published":false,"footnotes":""},"class_list":["post-1592","page","type-page","status-publish","hentry","odd"],"jetpack_shortlink":"https:\/\/wp.me\/P3dBae-pG","jetpack_sharing_enabled":true,"_links":{"self":[{"href":"https:\/\/www.linden-theater-frechen.de\/index.php?rest_route=\/wp\/v2\/pages\/1592","targetHints":{"allow":["GET"]}}],"collection":[{"href":"https:\/\/www.linden-theater-frechen.de\/index.php?rest_route=\/wp\/v2\/pages"}],"about":[{"href":"https:\/\/www.linden-theater-frechen.de\/index.php?rest_route=\/wp\/v2\/types\/page"}],"author":[{"embeddable":true,"href":"https:\/\/www.linden-theater-frechen.de\/index.php?rest_route=\/wp\/v2\/users\/3"}],"replies":[{"embeddable":true,"href":"https:\/\/www.linden-theater-frechen.de\/index.php?rest_route=%2Fwp%2Fv2%2Fcomments&post=1592"}],"version-history":[{"count":0,"href":"https:\/\/www.linden-theater-frechen.de\/index.php?rest_route=\/wp\/v2\/pages\/1592\/revisions"}],"up":[{"embeddable":true,"href":"https:\/\/www.linden-theater-frechen.de\/index.php?rest_route=\/wp\/v2\/pages\/10"}],"wp:attachment":[{"href":"https:\/\/www.linden-theater-frechen.de\/index.php?rest_route=%2Fwp%2Fv2%2Fmedia&parent=1592"}],"curies":[{"name":"wp","href":"https:\/\/api.w.org\/{rel}","templated":true}]}}