{"id":237,"date":"2025-11-12T17:46:59","date_gmt":"2025-11-12T15:46:59","guid":{"rendered":"http:\/\/www.lindentheater-frechen.de\/?page_id=237"},"modified":"2026-03-25T00:39:26","modified_gmt":"2026-03-24T22:39:26","slug":"kinderfilm-programm-2","status":"publish","type":"page","link":"https:\/\/www.linden-theater-frechen.de\/?page_id=237","title":{"rendered":"Kinderfilm-Programm"},"content":{"rendered":"<table width=\"100%\">\n<tbody>\n<tr>\n<td>\n<h2>Oster-Kino-Woche<a href=\"https:\/\/i0.wp.com\/www.linden-theater-frechen.de\/wp-content\/uploads\/2009\/02\/Oster-Kino-4-klein.jpg?ssl=1\"><img data-recalc-dims=\"1\" loading=\"lazy\" decoding=\"async\" class=\"alignright size-medium wp-image-694\" src=\"https:\/\/i0.wp.com\/www.linden-theater-frechen.de\/wp-content\/uploads\/2009\/02\/Oster-Kino-4-klein.jpg?resize=300%2C202&#038;ssl=1\" alt=\"\" width=\"300\" height=\"202\" srcset=\"https:\/\/i0.wp.com\/www.linden-theater-frechen.de\/wp-content\/uploads\/2009\/02\/Oster-Kino-4-klein.jpg?resize=300%2C202&amp;ssl=1 300w, https:\/\/i0.wp.com\/www.linden-theater-frechen.de\/wp-content\/uploads\/2009\/02\/Oster-Kino-4-klein.jpg?w=748&amp;ssl=1 748w\" sizes=\"auto, (max-width: 300px) 100vw, 300px\" \/><\/a><\/h2>\n<p>vom 30. M\u00e4rz bis 3. April 2026, jeweils um 16:30 Uhr<\/p>\n<p><strong>Die Eintrittspreise in der Oster-Kino-Woche:<\/strong><\/p>\n<p>4,00 EUR f\u00fcr Kinder und Jugendliche<br \/>\n5,00 EUR f\u00fcr Erwachsene<\/p>\n<h2>Die Filme:<\/h2>\n<\/td>\n<\/tr>\n<tr>\n<td>\n<h3><span style=\"color: #000000;\">Montag, 30.03.2026 um 16:30 Uhr:<\/span><\/h3>\n<h2>G.O.A.T.<a href=\"https:\/\/i0.wp.com\/www.linden-theater-frechen.de\/wp-content\/uploads\/2026\/03\/GOAT-Poster.jpg?ssl=1\"><img data-recalc-dims=\"1\" loading=\"lazy\" decoding=\"async\" class=\"alignright size-medium wp-image-16674\" src=\"https:\/\/i0.wp.com\/www.linden-theater-frechen.de\/wp-content\/uploads\/2026\/03\/GOAT-Poster.jpg?resize=150%2C212&#038;ssl=1\" alt=\"\" width=\"150\" height=\"212\" \/><\/a><\/h2>\n<p style=\"text-align: justify;\"><strong>Animation:<\/strong> Will tr\u00e4umt davon, mehr zu sein als nur ein gew\u00f6hnlicher Ziegenbock. Als sich ihm die Gelegenheit bietet, Teil eines Profiteams im Roarball zu werden, steht er pl\u00f6tzlich vor seiner gr\u00f6\u00dften Herausforderung. Seine Teammitglieder tun sich schwer damit, ausgerechnet einem kleinen Neuling wie ihm zu vertrauen. Doch Will l\u00e4sst sich nicht entmutigen. Mit Mut, Ausdauer und einer ordentlichen Portion Ehrgeiz will er zeigen, dass wahre Gr\u00f6\u00dfe nicht von der Statur abh\u00e4ngt.<\/p>\n<p style=\"text-align: justify;\"><strong>USA <\/strong>2026, <strong>Regie: <\/strong>Tyree Dillihay<\/p>\n<p style=\"text-align: justify;\"><strong>L\u00e4nge:<\/strong> 100 Min, <a href=\"http:\/\/www.fsk.de\/kinostarts\" target=\"_blank\" rel=\"noopener\"><strong>FSK:<\/strong><\/a> ab 6 Jahre<\/p>\n<p><strong><a href=\"https:\/\/www.kino.de\/film\/g.o.a.t.-bock-auf-grosse-spruenge-2026\/\" target=\"_blank\" rel=\"noopener noreferrer\">Trailer und weitere Filminfos<\/a> &#8211; <a title=\"Kartenreservierung\" href=\"https:\/\/www.linden-theater-frechen.de\/?page_id=14138\" target=\"_blank\" rel=\"noopener noreferrer\">Karten reservieren<\/a><\/strong><\/td>\n<\/tr>\n<tr>\n<td>\n<h3><span style=\"color: #000000;\">Dienstag, 31.03.2026 um 16:30 Uhr:<\/span><\/h3>\n<h2>Zoomania 2<a href=\"https:\/\/i0.wp.com\/www.linden-theater-frechen.de\/wp-content\/uploads\/2025\/12\/Zoomania-2-Poster.jpg?ssl=1\"><img data-recalc-dims=\"1\" loading=\"lazy\" decoding=\"async\" class=\"alignright size-medium wp-image-16461\" src=\"https:\/\/i0.wp.com\/www.linden-theater-frechen.de\/wp-content\/uploads\/2025\/12\/Zoomania-2-Poster.jpg?resize=150%2C212&#038;ssl=1\" alt=\"\" width=\"150\" height=\"212\" srcset=\"https:\/\/i0.wp.com\/www.linden-theater-frechen.de\/wp-content\/uploads\/2025\/12\/Zoomania-2-Poster.jpg?resize=212%2C300&amp;ssl=1 212w, https:\/\/i0.wp.com\/www.linden-theater-frechen.de\/wp-content\/uploads\/2025\/12\/Zoomania-2-Poster.jpg?resize=106%2C150&amp;ssl=1 106w, https:\/\/i0.wp.com\/www.linden-theater-frechen.de\/wp-content\/uploads\/2025\/12\/Zoomania-2-Poster.jpg?resize=400%2C566&amp;ssl=1 400w, https:\/\/i0.wp.com\/www.linden-theater-frechen.de\/wp-content\/uploads\/2025\/12\/Zoomania-2-Poster.jpg?w=565&amp;ssl=1 565w\" sizes=\"auto, (max-width: 150px) 100vw, 150px\" \/><\/a><\/h2>\n<p style=\"text-align: justify;\"><strong>Animation:<\/strong> H\u00e4sin Judy Hopps und Fuchs Nick Wilde arbeiten nach ihrem ersten Fall als Partner zusammen. Aber der erste Lack ist ab, und daher schickt Chief Bogo die beiden zur Partner-Krisen-Therapie. Dann jedoch taucht die Giftschlange Gary in der Stadt auf und sorgt f\u00fcr Panik, wurden doch Reptilien schon vor langer Zeit aus Zoomania verbannt. Nick und Judy m\u00fcssen sich daher in einen gef\u00e4hrlichen Undercover-Einsatz wagen, um herauszufinden, was es mit dem Auftauchen der Schlange auf sich hat&#8230;<\/p>\n<p style=\"text-align: justify;\"><strong>USA<\/strong> 2025, <strong>Regie: <\/strong>Byron Howard, Jared Bush<\/p>\n<p><strong>L\u00e4nge:<\/strong> 108 Min, <a href=\"http:\/\/www.fsk.de\/kinostarts\" target=\"_blank\" rel=\"noopener\"><strong>FSK:<\/strong><\/a> ab 6 Jahre<\/p>\n<p><a href=\"https:\/\/www.kino.de\/film\/zoomania-2-2025\/\"><strong>Trailer und weitere Filminfos<\/strong><\/a> <strong>&#8211; <a title=\"Kartenreservierung\" href=\"https:\/\/www.linden-theater-frechen.de\/?page_id=14138\" target=\"_blank\" rel=\"noopener noreferrer\">Karten reservieren<\/a><\/strong><\/td>\n<\/tr>\n<tr>\n<td>\n<h3><span style=\"color: #000000;\">Mittwoch, 01.04.2026 um 16:30 Uhr:<\/span><\/h3>\n<h2>Die Schule der magischen Tiere 4<a href=\"https:\/\/i0.wp.com\/www.linden-theater-frechen.de\/wp-content\/uploads\/2025\/09\/Schule-der-magischen-Tiere-4-Poster.jpg?ssl=1\"><img data-recalc-dims=\"1\" loading=\"lazy\" decoding=\"async\" class=\"alignright size-medium wp-image-16134\" src=\"https:\/\/i0.wp.com\/www.linden-theater-frechen.de\/wp-content\/uploads\/2025\/09\/Schule-der-magischen-Tiere-4-Poster.jpg?resize=150%2C212&#038;ssl=1\" alt=\"\" width=\"150\" height=\"212\" srcset=\"https:\/\/i0.wp.com\/www.linden-theater-frechen.de\/wp-content\/uploads\/2025\/09\/Schule-der-magischen-Tiere-4-Poster.jpg?resize=212%2C300&amp;ssl=1 212w, https:\/\/i0.wp.com\/www.linden-theater-frechen.de\/wp-content\/uploads\/2025\/09\/Schule-der-magischen-Tiere-4-Poster.jpg?resize=106%2C150&amp;ssl=1 106w, https:\/\/i0.wp.com\/www.linden-theater-frechen.de\/wp-content\/uploads\/2025\/09\/Schule-der-magischen-Tiere-4-Poster.jpg?resize=400%2C566&amp;ssl=1 400w, https:\/\/i0.wp.com\/www.linden-theater-frechen.de\/wp-content\/uploads\/2025\/09\/Schule-der-magischen-Tiere-4-Poster.jpg?w=565&amp;ssl=1 565w\" sizes=\"auto, (max-width: 150px) 100vw, 150px\" \/><\/a><\/h2>\n<p style=\"text-align: justify;\"><strong>Abenteuer\/Familie:\u00a0<\/strong>Miriam zieht f\u00fcr einige Monate zu ihrer Freundin Ida und besucht mit ihr die Wintersteinschule &#8211; ohne zu ahnen, dass Magie allt\u00e4glich ist. Gleich am ersten Schultag erh\u00e4lt Max eine kluge Eule namens Muriel, w\u00e4hrend Miriam einen energiegeladenen Koboldmaki namens Fitzgeraldo an ihre Seite bekommt. Muriel bemerkt Max&#8216; Gef\u00fchlswirrungen f\u00fcr seine beste Freundin Leonie. Als Ida herausfindet, dass die Schule geschlossen werden soll, wird die Schulchallenge zur alles entscheidenden Chance.<\/p>\n<p style=\"text-align: justify;\"><strong>D\u00a0<\/strong>2025,\u00a0<strong>Regie:\u00a0<\/strong>Bernhard Jasper, Maggie Peren,\u00a0<strong>Darsteller:<\/strong>\u00a0Emilia Maier (Ida) \u00b7 Loris Sichrovsky (Jo) \u00b7 Emilia Pieske (Helene) \u00b7 Luis Vorbach (Silas) \u00b7 Tomomi Themann (Miriam) \u00b7 Thilo Fridolin Matthes (Max) \u00b7 Purnima Gr\u00e4tz (Leonie Khamsong) \u00b7 Leonard Conrads (Benjamin) \u00b7 Christina Gro\u00dfe (Miss Mary Cornfield) \u00b7 Justus von Dohn\u00e1nyi (Schuldirektor Siegmann) \u00b7 Wilma Spoerr (Anna-Lena Zink) \u00b7 Milan Peschel (Mortimer Morrison) \u00b7 Heiko Pinkowski (Hausmeister Wondraschek)<\/p>\n<p><strong>L\u00e4nge:<\/strong>\u00a0102 Min,\u00a0<a href=\"http:\/\/www.fsk.de\/kinostarts\" target=\"_blank\" rel=\"noopener\"><strong>FSK:<\/strong><\/a>\u00a0ab\u00a00\u00a0Jahre<\/p>\n<p><a href=\"https:\/\/www.kino.de\/film\/die-schule-der-magischen-tiere-4-2025\/\" target=\"_blank\" rel=\"noopener noreferrer\"><strong>Trailer und\u00a0<\/strong><strong>weitere Filminfos<\/strong><\/a><strong style=\"font-size: revert; font-family: inherit; color: initial;\"> &#8211; <a title=\"Kartenreservierung\" href=\"https:\/\/www.linden-theater-frechen.de\/?page_id=14138\" target=\"_blank\" rel=\"noopener noreferrer\">Karten reservieren<\/a><\/strong><\/td>\n<\/tr>\n<tr>\n<td>\n<h3><span style=\"color: #000000;\">Donnerstag, 02.04.2026 um 16:30 Uhr:<\/span><\/h3>\n<h2>Woodwalkers 2<a href=\"https:\/\/i0.wp.com\/www.linden-theater-frechen.de\/wp-content\/uploads\/2026\/03\/Woodwalkers-2-Poster.jpg?ssl=1\"><img data-recalc-dims=\"1\" loading=\"lazy\" decoding=\"async\" class=\"alignright size-medium wp-image-16675\" src=\"https:\/\/i0.wp.com\/www.linden-theater-frechen.de\/wp-content\/uploads\/2026\/03\/Woodwalkers-2-Poster.jpg?resize=150%2C212&#038;ssl=1\" alt=\"\" width=\"150\" height=\"212\" srcset=\"https:\/\/i0.wp.com\/www.linden-theater-frechen.de\/wp-content\/uploads\/2026\/03\/Woodwalkers-2-Poster.jpg?resize=212%2C300&amp;ssl=1 212w, https:\/\/i0.wp.com\/www.linden-theater-frechen.de\/wp-content\/uploads\/2026\/03\/Woodwalkers-2-Poster.jpg?resize=106%2C150&amp;ssl=1 106w, https:\/\/i0.wp.com\/www.linden-theater-frechen.de\/wp-content\/uploads\/2026\/03\/Woodwalkers-2-Poster.jpg?resize=400%2C566&amp;ssl=1 400w, https:\/\/i0.wp.com\/www.linden-theater-frechen.de\/wp-content\/uploads\/2026\/03\/Woodwalkers-2-Poster.jpg?w=424&amp;ssl=1 424w\" sizes=\"auto, (max-width: 150px) 100vw, 150px\" \/><\/a><\/h2>\n<p style=\"text-align: justify;\"><strong>Abenteuer\/Fantasy: <\/strong>Das neue Schuljahr an der Clearwater High beginnt f\u00fcr Carag, Brandon, Holly, Lou und die anderen Sch\u00fcler mit einem Paukenschlag: Carags einstiger Mentor Andrew Milling verfolgt n\u00e4mlich einen gemeinen Plan: Er will den Wald rund um das Internat ver\u00e4u\u00dfern. Gemeinsam mit Brandon, Holly und Lou stellt sich der Puma-Wandler also gegen das drohende Unheil. Doch der Gegner bleibt ihnen stets ein paar Schritte voraus &#8211; ein in Spion unter den Sch\u00fclern spielt ihm Informationen zu. Unerwartete Hilfe kommt von der Schneew\u00f6lfin Tikaani&#8230;<\/p>\n<p style=\"text-align: justify;\"><strong>D <\/strong>2025, <strong>Regie:\u00a0<\/strong>Sven Unterwaldt, <strong>Darsteller:<\/strong> Emile Ch\u00e9rif (Carag) \u00b7 Lilli Falk (Holly) \u00b7 Johan von Ehrlich (Brandon) \u00b7 Sophie Lelenta (Lou) \u00b7 Emil Bloch (Jeffrey) \u00b7 Olivia Sinclair (Tikaani) \u00b7 Lara Am\u00e9lie Rosa (Mia) \u00b7 Oliver Masucci (Andrew Milling) \u00b7 Martina Gedeck (Lissa Clearwater) \u00b7 Tom Schilling (Mr. Crump) \u00b7 Moritz Bleibtreu (Tucker Jones) \u00b7 Hannah Herzsprung (Anna Ralston) \u00b7 Lucas Gregorowicz (Donald Ralston) \u00b7 Luna Arwen Kr\u00fcger (Melody) \u00b7 David Sch\u00fctter (Xamber) \u00b7 Johannes Degen (Marlon Ralston) \u00b7 David Wurawa (Mr. Ellwood) \u00b7 Eugen Bauder (Bill Brighteye)<\/p>\n<p><strong>L\u00e4nge:<\/strong> 102 Min, <a href=\"http:\/\/www.fsk.de\/kinostarts\" target=\"_blank\" rel=\"noopener\"><strong>FSK:<\/strong><\/a> ab <span style=\"color: #000000;\">6<\/span> Jahre<\/p>\n<p style=\"text-align: left;\"><strong><a href=\"https:\/\/www.kino.de\/film\/woodwalkers-2-2026\/\" target=\"_blank\" rel=\"noopener noreferrer\">Trailer und weitere Filminfos<\/a> &#8211; <a title=\"Kartenreservierung\" href=\"https:\/\/www.linden-theater-frechen.de\/?page_id=14138\" target=\"_blank\" rel=\"noopener noreferrer\">Karten reservieren <\/a><\/strong><\/p>\n<\/td>\n<\/tr>\n<tr>\n<td>\n<h3><span style=\"color: #000000;\">Freitag, 03.04.2026 um 16:30 Uhr:<\/span><\/h3>\n<h2>Checker Tobi 3 &#8211; Die heimliche Herrscherin der Erde<a href=\"https:\/\/i0.wp.com\/www.linden-theater-frechen.de\/wp-content\/uploads\/2026\/03\/Checker-Tobi-3-Poster.jpg?ssl=1\"><img data-recalc-dims=\"1\" loading=\"lazy\" decoding=\"async\" class=\"alignright size-medium wp-image-16673\" src=\"https:\/\/i0.wp.com\/www.linden-theater-frechen.de\/wp-content\/uploads\/2026\/03\/Checker-Tobi-3-Poster.jpg?resize=150%2C212&#038;ssl=1\" alt=\"\" width=\"150\" height=\"212\" srcset=\"https:\/\/i0.wp.com\/www.linden-theater-frechen.de\/wp-content\/uploads\/2026\/03\/Checker-Tobi-3-Poster.jpg?resize=212%2C300&amp;ssl=1 212w, https:\/\/i0.wp.com\/www.linden-theater-frechen.de\/wp-content\/uploads\/2026\/03\/Checker-Tobi-3-Poster.jpg?resize=106%2C150&amp;ssl=1 106w, https:\/\/i0.wp.com\/www.linden-theater-frechen.de\/wp-content\/uploads\/2026\/03\/Checker-Tobi-3-Poster.jpg?resize=400%2C566&amp;ssl=1 400w, https:\/\/i0.wp.com\/www.linden-theater-frechen.de\/wp-content\/uploads\/2026\/03\/Checker-Tobi-3-Poster.jpg?w=424&amp;ssl=1 424w\" sizes=\"auto, (max-width: 150px) 100vw, 150px\" \/><\/a><\/h2>\n<p style=\"text-align: justify;\"><strong>Abenteuer\/Familie: <\/strong>Tobi st\u00f6\u00dft auf eine vergessene R\u00e4tselfrage aus seiner Kindheit: Wer hinterl\u00e4sst die gr\u00f6\u00dften Spuren im Erdreich? Getrieben von Neugier begibt er sich auf eine faszinierende Reise, die ihn nach Madagaskar, Spitzbergen und Mexiko f\u00fchrt. Dort erkundet er uralte Landschaften, trifft auf Wissenschaftler und entdeckt verborgene Zusammenh\u00e4nge. St\u00fcck f\u00fcr St\u00fcck setzt er das Puzzle zusammen und erkennt schlie\u00dflich, was all diese Orte miteinander verbindet. Am Ende seiner Suche kann er seinem achtj\u00e4hrigen Ich dann endlich die Antwort auf die einst so r\u00e4tselhafte Frage geben.<\/p>\n<p style=\"text-align: justify;\"><strong>D<\/strong> 2026, <strong>Regie:<\/strong> Antonia Simm,<\/p>\n<p style=\"text-align: justify;\"><strong>L\u00e4nge:<\/strong> 97 Min, <a href=\"http:\/\/www.fsk.de\/kinostarts\" target=\"_blank\" rel=\"noopener\"><strong>FSK:<\/strong><\/a> ab 0 Jahre<\/p>\n<p><a href=\"https:\/\/www.kino.de\/film\/checker-tobi-und-die-heimliche-herrscherin-der-erde-2026\/\" target=\"_blank\" rel=\"noopener noreferrer\"><strong>Trailer und <\/strong><strong>weitere Filminfos<\/strong><\/a> <strong>&#8211; <a title=\"Kartenreservierung\" href=\"https:\/\/www.linden-theater-frechen.de\/?page_id=14138\" target=\"_blank\" rel=\"noopener noreferrer\">Karten reservieren <\/a><\/strong><\/td>\n<\/tr>\n<tr>\n<td>\n<h2>Ende der Oster-Kino-Woche<\/h2>\n<\/td>\n<\/tr>\n<tr>\n<td>\n<h3>Do, 02.04.2026 bis Di, 07.04.2026, jeweils 20:00 Uhr,<br \/><span style=\"text-decoration: underline;\">Mo, 06.04.2026<\/span> zus\u00e4tzlich auch um 16:00 Uhr:<\/h3>\n<h2 style=\"text-align: left;\">Hoppers<a href=\"https:\/\/i0.wp.com\/www.linden-theater-frechen.de\/wp-content\/uploads\/2026\/03\/Hoppers-Poster.jpg?ssl=1\"><img data-recalc-dims=\"1\" loading=\"lazy\" decoding=\"async\" class=\"alignright size-medium wp-image-16704\" src=\"https:\/\/i0.wp.com\/www.linden-theater-frechen.de\/wp-content\/uploads\/2026\/03\/Hoppers-Poster.jpg?resize=150%2C212&#038;ssl=1\" alt=\"\" width=\"150\" height=\"212\" \/><\/a><\/h2>\n<p style=\"text-align: justify;\"><strong>Animation:<\/strong> Der B\u00fcrgermeister von Beaverton plant eine Autobahn, um seine Chancen auf eine Wiederwahl zu erh\u00f6hen. Doch die Autobahn soll quer durch ein Waldst\u00fcck f\u00fchren, und genau \u00fcber die Lichtung, die Mabel Tanaka von ihrer Gro\u00dfmutter kennt und liebt. Als ihre Uniprofessorin eine Technik entwickelt, das Bewusstsein eines Menschen in robotische Tiere zu \u00fcbertragen, transferiert Mabel sich in einen Biber und zieht in den Wald, um die Tiere vor dem Bau der Autobahn zu warnen&#8230;<\/p>\n<p style=\"text-align: justify;\"><!--EndFragment --><\/p>\n<p style=\"text-align: justify;\"><strong>USA <\/strong>2026, <strong>Regie: <\/strong>Daniel Chong<\/p>\n<p style=\"text-align: justify;\"><strong>L\u00e4nge:<\/strong> 104 Min, <a href=\"http:\/\/www.fsk.de\/kinostarts\" target=\"_blank\" rel=\"noopener\"><strong>FSK:<\/strong><\/a><span style=\"color: #000000;\"> ab 6 Jahre<\/span><\/p>\n<p style=\"text-align: left;\"><a href=\"https:\/\/www.kino.de\/film\/hoppers-2026\/\" target=\"_blank\" rel=\"noopener noreferrer\"><strong>Trailer und <\/strong><strong>weitere Filminfos<\/strong><\/a> <strong>&#8211; <a title=\"Kartenreservierung\" href=\"https:\/\/www.linden-theater-frechen.de\/?page_id=14138\" target=\"_blank\" rel=\"noopener noreferrer\">Karten reservieren <\/a><\/strong><\/p>\n<\/td>\n<\/tr>\n<\/tbody>\n<\/table>\n","protected":false},"excerpt":{"rendered":"<p> Oster-Kino-Woche <\/p>\n<p>vom 30. M\u00e4rz bis 3. April 2026, jeweils um 16:30 Uhr<\/p>\n<p>Die Eintrittspreise in der Oster-Kino-Woche:<\/p>\n<p>4,00 EUR f\u00fcr Kinder und Jugendliche 5,00 EUR f\u00fcr Erwachsene<\/p>\n<p> Die Filme: Montag, 30.03.2026 um 16:30 Uhr: G.O.A.T. <\/p>\n<p style=\"text-align: justify;\">Animation: Will tr\u00e4umt davon, mehr zu sein als nur ein gew\u00f6hnlicher Ziegenbock. Als sich ihm die Gelegenheit [&#8230;]<\/p>\n","protected":false},"author":83,"featured_media":0,"parent":6,"menu_order":0,"comment_status":"closed","ping_status":"closed","template":"","meta":{"footnotes":""},"class_list":["post-237","page","type-page","status-publish","hentry","odd"],"jetpack_shortlink":"https:\/\/wp.me\/P3dBae-3P","jetpack_sharing_enabled":true,"_links":{"self":[{"href":"https:\/\/www.linden-theater-frechen.de\/index.php?rest_route=\/wp\/v2\/pages\/237","targetHints":{"allow":["GET"]}}],"collection":[{"href":"https:\/\/www.linden-theater-frechen.de\/index.php?rest_route=\/wp\/v2\/pages"}],"about":[{"href":"https:\/\/www.linden-theater-frechen.de\/index.php?rest_route=\/wp\/v2\/types\/page"}],"author":[{"embeddable":true,"href":"https:\/\/www.linden-theater-frechen.de\/index.php?rest_route=\/wp\/v2\/users\/83"}],"replies":[{"embeddable":true,"href":"https:\/\/www.linden-theater-frechen.de\/index.php?rest_route=%2Fwp%2Fv2%2Fcomments&post=237"}],"version-history":[{"count":168,"href":"https:\/\/www.linden-theater-frechen.de\/index.php?rest_route=\/wp\/v2\/pages\/237\/revisions"}],"predecessor-version":[{"id":16709,"href":"https:\/\/www.linden-theater-frechen.de\/index.php?rest_route=\/wp\/v2\/pages\/237\/revisions\/16709"}],"up":[{"embeddable":true,"href":"https:\/\/www.linden-theater-frechen.de\/index.php?rest_route=\/wp\/v2\/pages\/6"}],"wp:attachment":[{"href":"https:\/\/www.linden-theater-frechen.de\/index.php?rest_route=%2Fwp%2Fv2%2Fmedia&parent=237"}],"curies":[{"name":"wp","href":"https:\/\/api.w.org\/{rel}","templated":true}]}}