{"id":3683,"date":"2013-06-20T21:44:08","date_gmt":"2013-06-20T19:44:08","guid":{"rendered":"http:\/\/www.linden-theater-frechen.de\/?page_id=3683"},"modified":"2013-06-20T21:44:08","modified_gmt":"2013-06-20T19:44:08","slug":"wir-sind-digital","status":"publish","type":"page","link":"https:\/\/www.linden-theater-frechen.de\/?page_id=3683","title":{"rendered":"Wir sind digital&#8230;"},"content":{"rendered":"<p style=\"text-align: center;\"><a href=\"https:\/\/i0.wp.com\/www.linden-theater-frechen.de\/wp-content\/uploads\/2013\/06\/LT-digital01-e1371756687271.jpg?ssl=1\"><img data-recalc-dims=\"1\" loading=\"lazy\" decoding=\"async\" class=\"aligncenter size-medium wp-image-3693\" alt=\"LT-digital01\" src=\"https:\/\/i0.wp.com\/www.linden-theater-frechen.de\/wp-content\/uploads\/2013\/06\/LT-digital01.jpg?resize=300%2C200&#038;ssl=1\" width=\"300\" height=\"200\" \/><\/a><\/p>\n<p style=\"text-align: justify;\">Am Mittwoch, 20. M\u00e4rz 2013 wurde im Linden-Theater das digitale Zeitalter eingel\u00e4utet. Der Deb\u00fctfilm war &#8222;Anna Karenina&#8220; im Mittwochskino des Frechen-Film e. V., der Linden-Theater e. V. folgte dann tags darauf mit der digitalen Vorf\u00fchrung von &#8222;Django Unchained&#8220;.<\/p>\n<div id=\"attachment_3695\" style=\"width: 211px\" class=\"wp-caption alignleft\"><a href=\"https:\/\/i0.wp.com\/www.linden-theater-frechen.de\/wp-content\/uploads\/2013\/06\/LT-digital03-e1371756596891.jpg?ssl=1\"><img data-recalc-dims=\"1\" loading=\"lazy\" decoding=\"async\" aria-describedby=\"caption-attachment-3695\" class=\"size-medium wp-image-3695\" alt=\"LT-digital03\" src=\"https:\/\/i0.wp.com\/www.linden-theater-frechen.de\/wp-content\/uploads\/2013\/06\/LT-digital03.jpg?resize=201%2C133&#038;ssl=1\" width=\"201\" height=\"133\" \/><\/a><p id=\"caption-attachment-3695\" class=\"wp-caption-text\">organisiertes Chaos w\u00e4hrend der Installation<\/p><\/div>\n<p style=\"text-align: justify;\">Vorausgegangen waren turbulente Tage und Wochen. Die Digitalisierung war ein absolutes Muss f\u00fcr uns, da die Anzahl der auf analogem Filmmaterial hergestellten Filmkopien in den letzten Monaten dramatisch abgenommen hatte und unsere Wochenfilme daher immer sp\u00e4ter erst den Weg ins Linden-Theater fanden. Es ist zu erwarten, dass innerhalb des n\u00e4chsten Jahres die analogen Filmkopien bei Neustarts g\u00e4nzlich wegfallen werden. Um das Linden-Theater spielf\u00e4hig zu erhalten, mussten wir also handeln.<\/p>\n<p style=\"text-align: justify;\">F\u00f6rderungen mussten beantragt und die Genehmigung abgewartet werden. Im Vorf\u00fchrraum mussten Vorbereitungen f\u00fcr den neuen Projektor getroffen werden. F\u00fcr die Wahl des Projektors haben wir uns lange Zeit gelassen und auch bei befreundeten Kinobetreibern die verschiedenen Projektormodelle angesehen.<\/p>\n<div id=\"attachment_3696\" style=\"width: 211px\" class=\"wp-caption alignright\"><a href=\"https:\/\/i0.wp.com\/www.linden-theater-frechen.de\/wp-content\/uploads\/2013\/06\/LT-digital04-e1371756539855.jpg?ssl=1\"><img data-recalc-dims=\"1\" loading=\"lazy\" decoding=\"async\" aria-describedby=\"caption-attachment-3696\" class=\"size-medium wp-image-3696 \" alt=\"LT-digital04\" src=\"https:\/\/i0.wp.com\/www.linden-theater-frechen.de\/wp-content\/uploads\/2013\/06\/LT-digital04.jpg?resize=201%2C133&#038;ssl=1\" width=\"201\" height=\"133\" \/><\/a><p id=\"caption-attachment-3696\" class=\"wp-caption-text\">Alt und neu: Im Vordergrund der Sony-Digitalprojektor, dahinter der analoge Ernemann IX-Projektor<\/p><\/div>\n<p style=\"text-align: justify;\">Entschieden haben wir uns schlie\u00dflich f\u00fcr den <strong>Sony SRX-R515-Digitalprojektor<\/strong>, der mit <strong>4K-Aufl\u00f6sung<\/strong> viermal so viele Pixel projiziert\u00a0als 2K-Projektoren, die derzeit noch in den meisten Kinos eingesetzt sind. Dementsprechend ist das Bild sch\u00e4rfer und kontrastreicher.\u00a0Derzeit sind wir das einzige Kino im Rhein-Erft-Kreis, das einen 4K-Projektor im Einsatz hat. Dazu haben wir noch eine neue Tonanlage installiert, die sowohl digitalen 5.1- als auch 7.1-Ton wiedergeben kann.<\/p>\n<div id=\"attachment_3694\" style=\"width: 213px\" class=\"wp-caption alignleft\"><a href=\"https:\/\/i0.wp.com\/www.linden-theater-frechen.de\/wp-content\/uploads\/2013\/06\/LT-digital02-e1371756651932.jpg?ssl=1\"><img data-recalc-dims=\"1\" loading=\"lazy\" decoding=\"async\" aria-describedby=\"caption-attachment-3694\" class=\"size-medium wp-image-3694 \" alt=\"\" src=\"https:\/\/i0.wp.com\/www.linden-theater-frechen.de\/wp-content\/uploads\/2013\/06\/LT-digital02.jpg?resize=203%2C134&#038;ssl=1\" width=\"203\" height=\"134\" \/><\/a><p id=\"caption-attachment-3694\" class=\"wp-caption-text\">Vorsichtig wird der schwere Digitalprojektor in den Vorf\u00fchrraum transportiert<\/p><\/div>\n<p style=\"text-align: justify;\">Mitte M\u00e4rz 2013\u00a0wurde dann der Projektor angeliefert. Den 150-Kilo-Koloss \u00fcber unsere schmale Flurtreppe in den Vorf\u00fchrraum zu tragen, stellte eine besondere Herausforderung dar, die wir aber mit vielen freundlichen Helfern meisterten. In einem 2 Tage und N\u00e4chte dauernden Marathon wurde der Projektor dann von den Technikern angeschlossen und betriebsbereit gemacht, so dass wir ohne Spielpause von &#8222;Analog&#8220; auf &#8222;Digital&#8220; wechseln konnten.<\/p>\n<p style=\"text-align: justify;\">Es ist uns schon schwer gefallen, unseren analogen Projektor vom Typ &#8222;Ernemann IX&#8220; in Rente zu schicken, schlie\u00dflich hat er 56 Jahre lang unerm\u00fcdlich im Linden-Theater seinen Dienst verrichtet. Auch der Abschied von der analogen Vorf\u00fchrtechnik, die sich seit der Erfindung der bewegten\u00a0Bilder in ihren Grundz\u00fcgen nicht ver\u00e4ndert hatte, war nicht leicht.<\/p>\n<div id=\"attachment_3697\" style=\"width: 211px\" class=\"wp-caption alignright\"><a href=\"https:\/\/i0.wp.com\/www.linden-theater-frechen.de\/wp-content\/uploads\/2013\/06\/LT-digital05-e1371756491525.jpg?ssl=1\"><img data-recalc-dims=\"1\" loading=\"lazy\" decoding=\"async\" aria-describedby=\"caption-attachment-3697\" class=\"size-medium wp-image-3697   \" alt=\"\" src=\"https:\/\/i0.wp.com\/www.linden-theater-frechen.de\/wp-content\/uploads\/2013\/06\/LT-digital05.jpg?resize=201%2C133&#038;ssl=1\" width=\"201\" height=\"133\" \/><\/a><p id=\"caption-attachment-3697\" class=\"wp-caption-text\">&#8222;Django Unchained&#8220; &#8211; analog und digital<\/p><\/div>\n<p style=\"text-align: justify;\">Die Vorteile der neuen digitalen Technik sind jedoch auch nicht von der Hand zu weisen. Zuallererst einmal ist die Bildqualit\u00e4t f\u00fcr unsere Zuschauer wesentlich besser geworden. Gab es bei 35mm-Filmmaterial nach unsachgem\u00e4\u00dfer Behandlung h\u00e4ssliche Kratzer und Laufstreifen oder gar fehlende Szenen, kann dies\u00a0bei der Vorf\u00fchrung von digitalen Filmen nicht mehr vorkommen. Das Spielfertigmachen und Trennen der Filmkopie entf\u00e4llt und damit auch der Transport der ca. 20 kg schweren Filme. Stattdessen erhalten wir heutzutage den Film auf einer Festplatte, die dann auf einen im Projektor integrierten Server\u00a0kopiert wird. Ein weiterer Vorteil f\u00fcr uns &#8211; und auch f\u00fcr\u00a0die Zuschauer &#8211;\u00a0\u00a0liegt darin, die Filmkopien wieder fr\u00fcher zu bekommen, da der Weiterversand der Festplatten unabh\u00e4ngig von der Einsatzzeit des Films erfolgen kann.<\/p>\n<p style=\"text-align: justify;\">Das Thema <strong>&#8222;3D-Kino&#8220;<\/strong> haben wir auch diskutiert. Zum jetzigen Zeitpunkt haben wir aber von der Aufr\u00fcstung auf 3D abgesehen. Wir werden zun\u00e4chst abwarten, wie sich das 3D-Kino weiterentwickelt.<\/p>\n<p style=\"text-align: justify;\">\n","protected":false},"excerpt":{"rendered":"<p style=\"text-align: center;\">\n<p style=\"text-align: justify;\">Am Mittwoch, 20. M\u00e4rz 2013 wurde im Linden-Theater das digitale Zeitalter eingel\u00e4utet. Der Deb\u00fctfilm war &#8222;Anna Karenina&#8220; im Mittwochskino des Frechen-Film e. V., der Linden-Theater e. V. folgte dann tags darauf mit der digitalen Vorf\u00fchrung von &#8222;Django Unchained&#8220;.<\/p>\n<p id=\"caption-attachment-3695\" class=\"wp-caption-text\">organisiertes Chaos w\u00e4hrend der Installation<\/p>\n<p style=\"text-align: justify;\">Vorausgegangen waren turbulente [&#8230;]<\/p>\n","protected":false},"author":3,"featured_media":0,"parent":10,"menu_order":6,"comment_status":"open","ping_status":"closed","template":"","meta":{"footnotes":""},"class_list":["post-3683","page","type-page","status-publish","hentry","odd"],"jetpack_shortlink":"https:\/\/wp.me\/P3dBae-Xp","jetpack_sharing_enabled":true,"_links":{"self":[{"href":"https:\/\/www.linden-theater-frechen.de\/index.php?rest_route=\/wp\/v2\/pages\/3683","targetHints":{"allow":["GET"]}}],"collection":[{"href":"https:\/\/www.linden-theater-frechen.de\/index.php?rest_route=\/wp\/v2\/pages"}],"about":[{"href":"https:\/\/www.linden-theater-frechen.de\/index.php?rest_route=\/wp\/v2\/types\/page"}],"author":[{"embeddable":true,"href":"https:\/\/www.linden-theater-frechen.de\/index.php?rest_route=\/wp\/v2\/users\/3"}],"replies":[{"embeddable":true,"href":"https:\/\/www.linden-theater-frechen.de\/index.php?rest_route=%2Fwp%2Fv2%2Fcomments&post=3683"}],"version-history":[{"count":0,"href":"https:\/\/www.linden-theater-frechen.de\/index.php?rest_route=\/wp\/v2\/pages\/3683\/revisions"}],"up":[{"embeddable":true,"href":"https:\/\/www.linden-theater-frechen.de\/index.php?rest_route=\/wp\/v2\/pages\/10"}],"wp:attachment":[{"href":"https:\/\/www.linden-theater-frechen.de\/index.php?rest_route=%2Fwp%2Fv2%2Fmedia&parent=3683"}],"curies":[{"name":"wp","href":"https:\/\/api.w.org\/{rel}","templated":true}]}}