{"id":4146,"date":"2014-09-05T11:37:19","date_gmt":"2014-09-05T09:37:19","guid":{"rendered":"http:\/\/www.linden-theater-frechen.de\/?page_id=4146"},"modified":"2026-03-02T21:40:58","modified_gmt":"2026-03-02T19:40:58","slug":"mitglied-werden-im-frechen-film-e-v","status":"publish","type":"page","link":"https:\/\/www.linden-theater-frechen.de\/?page_id=4146","title":{"rendered":"Mitglied werden im Frechen-Film e.V."},"content":{"rendered":"<p><img data-recalc-dims=\"1\" loading=\"lazy\" decoding=\"async\" class=\"wp-image-4187 alignright\" src=\"https:\/\/i0.wp.com\/www.linden-theater-frechen.de\/wp-content\/uploads\/2018\/05\/ff_logo_transparent_S.png?resize=129%2C133&#038;ssl=1\" alt=\"Frechen-Film Logo\" width=\"129\" height=\"133\" \/><\/p>\n<p><strong style=\"text-align: justify;\">Sie m\u00f6gen das Linden-Theater und m\u00f6chten einen Beitrag f\u00fcr den Erhalt leisten?<\/strong><\/p>\n<p style=\"text-align: justify;\"><a title=\"Mitgliedsantrag\" href=\"https:\/\/www.linden-theater-frechen.de\/wp-content\/uploads\/2019\/09\/FF_Mitgliedsantrag.pdf\" target=\"_blank\" rel=\"noopener noreferrer\"><strong>Werden Sie Vereinsmitglied<\/strong><\/a> im Frechen-Film e.V. &#8211; als F\u00f6rdermitglied mit einem Jahresbeitrag schon ab 30,00 \u20ac\/Jahr! F\u00f6rdermitglieder zahlen einen freiwilligen Beitrag ab 30\u20ac, haben jedoch keinen Anspruch auf Erm\u00e4\u00dfigungen und kein Stimmrecht in der Mitgliederversammlung.<\/p>\n<p style=\"text-align: justify;\">Als Normalmitglied zahlen Sie 60,00 \u20ac im Jahr und erhalten Eintrittskarten\u00a0 zum erm\u00e4\u00dfigten Preis von 5,00 \u20ac beim regul\u00e4ren Filmprogramm des Linden-Theater e.V.<\/p>\n<p style=\"text-align: justify;\">Weitere Informationen \u00fcber den Frechen-Film e.V. erhalten Sie unter <a href=\"https:\/\/www.frechen-film.de\" target=\"_blank\" rel=\"noopener noreferrer\">www.Frechen-Film.de<\/a>!<\/p>\n<p style=\"text-align: justify;\"><strong>Sie spenden<\/strong>:<\/p>\n<p style=\"text-align: justify;\">Kontoinhaber: FF-Frechen-Film e.V.<br \/>\nIBAN: DE75 3706 2365 0706 3120 13<br \/>\nVolksbank Rhein-Erft-K\u00f6ln eG<br \/>\nBIC: GENODED1FHH<\/p>\n<p>\u00dcber diese PayPal Schaltfl\u00e4che k\u00f6nnen Sie unmittelbar eine Spende mit \u00fcblichen elektronischen Zahlungsmitteln an uns senden. Wir freuen uns auch \u00fcber kleine Betr\u00e4ge.<\/p>\n<form action=\"https:\/\/www.paypal.com\/cgi-bin\/webscr\" method=\"post\" target=\"_top\"><input name=\"cmd\" type=\"hidden\" value=\"_s-xclick\" \/> <input name=\"hosted_button_id\" type=\"hidden\" value=\"XQYL65NN3WS92\" \/> <input title=\"PayPal - The safer, easier way to pay online!\" alt=\"Spenden mit dem PayPal-Button\" name=\"submit\" src=\"https:\/\/www.linden-theater-frechen.de\/wp-content\/uploads\/2020\/04\/PayPal_Button_FF.png\" type=\"image\" \/> <img data-recalc-dims=\"1\" loading=\"lazy\" decoding=\"async\" src=\"https:\/\/i0.wp.com\/www.paypal.com\/de_DE\/i\/scr\/pixel.gif?resize=1%2C1&#038;ssl=1\" alt=\"\" width=\"1\" height=\"1\" border=\"0\" \/><\/form>\n<p style=\"text-align: justify;\">Der Frechen-Film e.V. ist gemeinn\u00fctzig anerkannt (Vereinsregister K\u00f6ln, VR100477), Spenden sind steuerlich absetzbar. \u00a0F\u00fcr Spenden bis 200\u20ac reicht Ihr Kontoauszug als Spendenquittung gegen\u00fcber dem Finanzamt aus. F\u00fcr den Erhalt einer Spendenquittung bitten wir um Angabe Ihrer Postadresse im Verwendungszweck der \u00dcberweisung.<\/p>\n<p style=\"text-align: justify;\"><strong>Kino-Besuche:<\/strong> Nat\u00fcrlich k\u00f6nnen Sie uns auch unterst\u00fctzen, indem Sie sich gaaaanz viele Filme im Linden-Theater ansehen und viele Freunde und Bekannte mitbringen.<\/p>\n<p style=\"text-align: justify;\">Denn ein Kino ohne G\u00e4ste ist wie Erdbeeren ohne Sahne &#8211; es fehlt das Wichtigste! \ud83d\ude09<\/p>\n","protected":false},"excerpt":{"rendered":"<\/p>\n<p>Sie m\u00f6gen das Linden-Theater und m\u00f6chten einen Beitrag f\u00fcr den Erhalt leisten?<\/p>\n<p style=\"text-align: justify;\">Werden Sie Vereinsmitglied im Frechen-Film e.V. &#8211; als F\u00f6rdermitglied mit einem Jahresbeitrag schon ab 30,00 \u20ac\/Jahr! F\u00f6rdermitglieder zahlen einen freiwilligen Beitrag ab 30\u20ac, haben jedoch keinen Anspruch auf Erm\u00e4\u00dfigungen und kein Stimmrecht in der Mitgliederversammlung.<\/p>\n<p style=\"text-align: justify;\">Als Normalmitglied zahlen [&#8230;]<\/p>\n","protected":false},"author":2,"featured_media":0,"parent":10,"menu_order":0,"comment_status":"open","ping_status":"closed","template":"","meta":{"jetpack_post_was_ever_published":false,"footnotes":""},"class_list":["post-4146","page","type-page","status-publish","hentry","odd"],"jetpack_shortlink":"https:\/\/wp.me\/P3dBae-14S","jetpack_sharing_enabled":true,"_links":{"self":[{"href":"https:\/\/www.linden-theater-frechen.de\/index.php?rest_route=\/wp\/v2\/pages\/4146","targetHints":{"allow":["GET"]}}],"collection":[{"href":"https:\/\/www.linden-theater-frechen.de\/index.php?rest_route=\/wp\/v2\/pages"}],"about":[{"href":"https:\/\/www.linden-theater-frechen.de\/index.php?rest_route=\/wp\/v2\/types\/page"}],"author":[{"embeddable":true,"href":"https:\/\/www.linden-theater-frechen.de\/index.php?rest_route=\/wp\/v2\/users\/2"}],"replies":[{"embeddable":true,"href":"https:\/\/www.linden-theater-frechen.de\/index.php?rest_route=%2Fwp%2Fv2%2Fcomments&post=4146"}],"version-history":[{"count":9,"href":"https:\/\/www.linden-theater-frechen.de\/index.php?rest_route=\/wp\/v2\/pages\/4146\/revisions"}],"predecessor-version":[{"id":16628,"href":"https:\/\/www.linden-theater-frechen.de\/index.php?rest_route=\/wp\/v2\/pages\/4146\/revisions\/16628"}],"up":[{"embeddable":true,"href":"https:\/\/www.linden-theater-frechen.de\/index.php?rest_route=\/wp\/v2\/pages\/10"}],"wp:attachment":[{"href":"https:\/\/www.linden-theater-frechen.de\/index.php?rest_route=%2Fwp%2Fv2%2Fmedia&parent=4146"}],"curies":[{"name":"wp","href":"https:\/\/api.w.org\/{rel}","templated":true}]}}