{"id":6,"date":"2009-02-21T21:07:31","date_gmt":"2009-02-21T20:07:31","guid":{"rendered":"http:\/\/www.lindentheater-frechen.de\/?page_id=6"},"modified":"2026-04-21T00:54:36","modified_gmt":"2026-04-20T22:54:36","slug":"kinoprogramm-2-2","status":"publish","type":"page","link":"https:\/\/www.linden-theater-frechen.de\/","title":{"rendered":"Kinoprogramm"},"content":{"rendered":"<table width=\"100%\">\n<tbody>\n<tr>\n<td>\n<h3>Do, 16.04.2026 bis Di, 21.04.2026, jeweils 20:00 Uhr:<\/h3>\n<h2 style=\"text-align: left;\">Horst Schl\u00e4mmer sucht das Gl\u00fcck<a href=\"https:\/\/i0.wp.com\/www.linden-theater-frechen.de\/wp-content\/uploads\/2026\/04\/Horst-Schlaemmer-2-Poster.jpg?ssl=1\"><img data-recalc-dims=\"1\" loading=\"lazy\" decoding=\"async\" class=\"alignright size-medium wp-image-16727\" src=\"https:\/\/i0.wp.com\/www.linden-theater-frechen.de\/wp-content\/uploads\/2026\/04\/Horst-Schlaemmer-2-Poster.jpg?resize=150%2C212&#038;ssl=1\" alt=\"\" width=\"150\" height=\"212\" srcset=\"https:\/\/i0.wp.com\/www.linden-theater-frechen.de\/wp-content\/uploads\/2026\/04\/Horst-Schlaemmer-2-Poster.jpg?resize=212%2C300&amp;ssl=1 212w, https:\/\/i0.wp.com\/www.linden-theater-frechen.de\/wp-content\/uploads\/2026\/04\/Horst-Schlaemmer-2-Poster.jpg?resize=106%2C150&amp;ssl=1 106w, https:\/\/i0.wp.com\/www.linden-theater-frechen.de\/wp-content\/uploads\/2026\/04\/Horst-Schlaemmer-2-Poster.jpg?resize=400%2C566&amp;ssl=1 400w, https:\/\/i0.wp.com\/www.linden-theater-frechen.de\/wp-content\/uploads\/2026\/04\/Horst-Schlaemmer-2-Poster.jpg?w=565&amp;ssl=1 565w\" sizes=\"auto, (max-width: 150px) 100vw, 150px\" \/><\/a><\/h2>\n<p style=\"text-align: justify;\"><strong>Kom\u00f6die:<\/strong> Horst Schl\u00e4mmer, stellvertretender Chefredakteur des kleinen Lokalblatts \u201eGrevenbroicher Tagblatt\u201c sieht die Laune im Land im Keller. Wie soll man aus diesem Loch wieder rauskommen, vielleicht sogar wieder gl\u00fccklich werden? Horst Schl\u00e4mmer will Antworten finden. Also macht er sich auf eine Reise quer durch Deutschland \u2013 von S\u00fcd bis Nord, per Auto, Schiff und Eisenbahn. Nicht immer scheint es so, als ob seine Mission wirklich gut enden k\u00f6nnte. Aber Schl\u00e4mmer l\u00e4sst nicht locker&#8230;<\/p>\n<p style=\"text-align: justify;\"><!--EndFragment --><\/p>\n<p style=\"text-align: justify;\"><strong>D <\/strong>2026, <strong>Regie: <\/strong>Sven Unterwaldt jr., <strong>Darsteller:<\/strong> Hape Kerkeling (Horst Schl\u00e4mmer) \u00b7 Tahnee Schaffarczyk (Gabi Wampel) \u00b7 Laura Thomas (Anna) \u00b7 Meltem Kaptan (Mandy) \u00b7 J\u00f6rdis Triebel (Roswitha) \u00b7 Eva Habermann (Gesine Breitenbach) \u00b7 Norbert Heisterkamp (G\u00fcnni) \u00b7 Patrick Joswig (Wolle) \u00b7 Peter Trabner (Rudi) \u00b7 Kerstin Thielemann (Frau Schlonzbach) \u00b7 Christian Hockenbrink (Dr. Carstens) \u00b7 Ulrich B\u00e4hnk (Kapit\u00e4n) \u00b7 Samuel Urban (Sittich) \u00b7 Dagmar Sachse (B\u00e4ckerei-Verk\u00e4uferin) \u00b7 J\u00fcrgen Haug (Senior) \u00b7 Jochen Busse (Jochen Busse) \u00b7 Victoria Fleer (Kundin im Waschsalon)<\/p>\n<p style=\"text-align: justify;\"><strong>L\u00e4nge:<\/strong> 93 Min, <a href=\"http:\/\/www.fsk.de\/kinostarts\" target=\"_blank\" rel=\"noopener\"><strong>FSK:<\/strong><\/a><span style=\"color: #000000;\"> ab 6 Jahre<\/span><\/p>\n<p style=\"text-align: left;\"><a href=\"https:\/\/www.kino.de\/film\/horst-schlaemmer-sucht-das-glueck\/\" target=\"_blank\" rel=\"noopener noreferrer\"><strong>Trailer und <\/strong><strong>weitere Filminfos<\/strong><\/a> <strong>&#8211; <a title=\"Kartenreservierung\" href=\"https:\/\/www.linden-theater-frechen.de\/?page_id=14138\" target=\"_blank\" rel=\"noopener noreferrer\">Karten reservieren <\/a><\/strong><\/p>\n<\/td>\n<\/tr>\n<tr>\n<td>\n<h3><a title=\"F-F Frechen-Film e.V.\" href=\"http:\/\/www.ff-frechen-film.de\/\" target=\"_self\" rel=\"noopener noreferrer\">Frechen-Film e.V<\/a>. zeigt am<br \/>Mittwoch, 22.04.2026, 20:00 Uhr:<\/h3>\n<h2 style=\"text-align: left;\">Mercy<a href=\"https:\/\/i0.wp.com\/www.linden-theater-frechen.de\/wp-content\/uploads\/2026\/03\/Mercy-Poster.jpg?ssl=1\"><img data-recalc-dims=\"1\" loading=\"lazy\" decoding=\"async\" class=\"alignright size-medium wp-image-16696\" src=\"https:\/\/i0.wp.com\/www.linden-theater-frechen.de\/wp-content\/uploads\/2026\/03\/Mercy-Poster.jpg?resize=150%2C202&#038;ssl=1\" alt=\"\" width=\"150\" height=\"202\" \/><\/a><\/h2>\n<p style=\"text-align: justify;\"><strong>Sci-Fi\/Thriller: <\/strong>LAPD-Detective Raymond steht in einer dystopischen Zukunft wegen des Mordes an seiner Frau vor Gericht. Die hochmoderne KI-Richterin Maddox, deren Einf\u00fchrung er einst selbst unterst\u00fctzte, leitet schlie\u00dflich das Verfahren gegen ihn. Binnen lediglich 90 Minuten muss der Gesetzesh\u00fcter nun seine eigene Unschuld hieb- und stichfest beweisen, bevor die k\u00fcnstliche Rechtsprechung \u00fcber sein weiteres Leben \u2013 oder dessen Ende \u2013 entscheidet.<strong><br \/><\/strong><\/p>\n<p style=\"text-align: justify;\"><strong>USA\/RUS <\/strong>2025, <strong>Regie: <\/strong>Timur Bekmambetov, <strong>Darsteller:<\/strong> Chris Pratt (Det. Chris Raven) \u00b7 Rebecca Ferguson (Richterin Maddox) \u00b7 Kali Reis (Jacqueline &#8222;JAQ&#8220; Diallo) \u00b7 Annabelle Wallis (Nicole Raven) \u00b7 Kylie Rogers (Britt Raven) \u00b7 Chris Sullivan (Rob Nelson) \u00b7 Rafi Gavron \u00b7 Kenneth Choi \u00b7 Noah Fearnley \u00b7 Philicia Saunders<\/p>\n<p style=\"text-align: justify;\"><strong>L\u00e4nge: <\/strong>101 Min, <a href=\"http:\/\/www.fsk.de\/kinostarts\" target=\"_blank\" rel=\"noopener\"><strong>FSK:<\/strong><\/a> ab 12 Jahre<\/p>\n<p style=\"text-align: justify;\"><strong><a href=\"https:\/\/www.kino.de\/film\/mercy-2025\/\">Trailer und weitere Filminfos<\/a> &#8211; <a title=\"Kartenreservierung\" href=\"https:\/\/www.linden-theater-frechen.de\/?page_id=14138\" target=\"_blank\" rel=\"noopener noreferrer\">Karten reservieren<\/a><\/strong><\/p>\n<\/td>\n<\/tr>\n<tr>\n<td>\n<h3>Do, 23.04.2026 bis Sa, 25.04.2026 sowie Mo, 27.04.2026 bis Di, 28.04.2026, jeweils 20:00 Uhr,<br \/><span style=\"color: #ff0000;\">NUR So, 26.04.2026<\/span> um <span style=\"color: #ff0000;\">20:00 Uhr<\/span> in der <span style=\"color: #ff0000;\">englischen Originalfassung mit deutschen Untertiteln<\/span>:<\/h3>\n<h2>Das Drama &#8211; Noch mal auf Anfang<a href=\"https:\/\/i0.wp.com\/www.linden-theater-frechen.de\/wp-content\/uploads\/2026\/04\/Das-Drama-Poster.jpg?ssl=1\"><img data-recalc-dims=\"1\" loading=\"lazy\" decoding=\"async\" class=\"alignright size-medium wp-image-16734\" src=\"https:\/\/i0.wp.com\/www.linden-theater-frechen.de\/wp-content\/uploads\/2026\/04\/Das-Drama-Poster.jpg?resize=150%2C212&#038;ssl=1\" alt=\"\" width=\"150\" height=\"212\" srcset=\"https:\/\/i0.wp.com\/www.linden-theater-frechen.de\/wp-content\/uploads\/2026\/04\/Das-Drama-Poster.jpg?resize=212%2C300&amp;ssl=1 212w, https:\/\/i0.wp.com\/www.linden-theater-frechen.de\/wp-content\/uploads\/2026\/04\/Das-Drama-Poster.jpg?resize=106%2C150&amp;ssl=1 106w, https:\/\/i0.wp.com\/www.linden-theater-frechen.de\/wp-content\/uploads\/2026\/04\/Das-Drama-Poster.jpg?resize=400%2C566&amp;ssl=1 400w, https:\/\/i0.wp.com\/www.linden-theater-frechen.de\/wp-content\/uploads\/2026\/04\/Das-Drama-Poster.jpg?w=565&amp;ssl=1 565w\" sizes=\"auto, (max-width: 150px) 100vw, 150px\" \/><\/a><\/h2>\n<p style=\"text-align: justify;\"><strong>Drama\/Romanze:<\/strong><span class=\"cf0\"> Emma und Charlie haben sich gesucht und gefunden. Er kommt aus London und verdient sein Geld als Museumsdirektor. Sie ist Buchh\u00e4ndlerin aus dem US-amerikanischen S\u00fcden. Die beiden sind mittlerweile gl\u00fccklich verlobt, bis zur gro\u00dfen Hochzeit sind es nur noch wenige Tage, als ein unerwartetes Gest\u00e4ndnis alles ins Wanken bringt. Verzweifelt versuchen beide, ihre Zukunft zu retten \u2013 doch je mehr ans Licht kommt, desto st\u00e4rker br\u00f6ckelt das Bild einer perfekten Liebe.<br \/><\/span><\/p>\n<p style=\"text-align: justify;\"><!--EndFragment --><\/p>\n<p style=\"text-align: justify;\"><strong>USA<\/strong> 2026, <strong>Regie: <\/strong>Kristoffer Borgli, <strong>Darsteller:<\/strong> Zendaya (Emma Harwood) \u00b7 Robert Pattinson (Charlie Thompson) \u00b7 Alana Haim (Rachel ) \u00b7 Mamoudou Athie (Mike ) \u00b7 Michael Abbott Jr. \u00b7 Zo\u00eb Winters \u00b7 Hailey Benton Gates \u00b7 Jordyn Curet \u00b7 YaYa Gosselin (Jessica) \u00b7 Paulina Lemos \u00b7 Sydney Lemmon (Pauline) \u00b7 Anna Baryshnikov<\/p>\n<p style=\"text-align: justify;\"><strong>L\u00e4nge:<\/strong> 105 Min, <a href=\"http:\/\/www.fsk.de\/kinostarts\" target=\"_blank\" rel=\"noopener\"><strong>FSK:<\/strong><\/a> ab 12 Jahre<\/p>\n<p><a href=\"https:\/\/www.kino.de\/film\/the-drama--01KC6AGKPMS8S44RVMJVYAGQG3\" target=\"_blank\" rel=\"noopener noreferrer\"><strong>Trailer und <\/strong><strong>weitere Filminfos<\/strong><\/a> <strong>&#8211; <a title=\"Kartenreservierung\" href=\"https:\/\/www.linden-theater-frechen.de\/?page_id=14138\" target=\"_blank\" rel=\"noopener noreferrer\">Karten reservieren <\/a><\/strong><\/p>\n<\/td>\n<\/tr>\n<tr>\n<td>\n<h3>So, 26.04.2026, 16:00 Uhr:<\/h3>\n<h2 style=\"text-align: left;\">Film ab! \u2013 Wir feiern 130 Jahre bewegte Bilder mit fr\u00fchen Stummfilmen und Live-Musik<a href=\"https:\/\/i0.wp.com\/www.linden-theater-frechen.de\/wp-content\/uploads\/2026\/03\/csm_Abenteuer-eines-JournalistenTC00235317_8331f5dbfd.jpg?ssl=1\"><img data-recalc-dims=\"1\" loading=\"lazy\" decoding=\"async\" class=\"alignright size-medium wp-image-16721\" src=\"https:\/\/i0.wp.com\/www.linden-theater-frechen.de\/wp-content\/uploads\/2026\/03\/csm_Abenteuer-eines-JournalistenTC00235317_8331f5dbfd.jpg?resize=300%2C169&#038;ssl=1\" alt=\"\" width=\"300\" height=\"169\" srcset=\"https:\/\/i0.wp.com\/www.linden-theater-frechen.de\/wp-content\/uploads\/2026\/03\/csm_Abenteuer-eines-JournalistenTC00235317_8331f5dbfd.jpg?resize=300%2C169&amp;ssl=1 300w, https:\/\/i0.wp.com\/www.linden-theater-frechen.de\/wp-content\/uploads\/2026\/03\/csm_Abenteuer-eines-JournalistenTC00235317_8331f5dbfd.jpg?resize=1024%2C576&amp;ssl=1 1024w, https:\/\/i0.wp.com\/www.linden-theater-frechen.de\/wp-content\/uploads\/2026\/03\/csm_Abenteuer-eines-JournalistenTC00235317_8331f5dbfd.jpg?resize=150%2C84&amp;ssl=1 150w, https:\/\/i0.wp.com\/www.linden-theater-frechen.de\/wp-content\/uploads\/2026\/03\/csm_Abenteuer-eines-JournalistenTC00235317_8331f5dbfd.jpg?resize=768%2C432&amp;ssl=1 768w, https:\/\/i0.wp.com\/www.linden-theater-frechen.de\/wp-content\/uploads\/2026\/03\/csm_Abenteuer-eines-JournalistenTC00235317_8331f5dbfd.jpg?resize=400%2C225&amp;ssl=1 400w, https:\/\/i0.wp.com\/www.linden-theater-frechen.de\/wp-content\/uploads\/2026\/03\/csm_Abenteuer-eines-JournalistenTC00235317_8331f5dbfd.jpg?w=1080&amp;ssl=1 1080w\" sizes=\"auto, (max-width: 300px) 100vw, 300px\" \/><\/a><\/h2>\n<p style=\"text-align: left;\"><strong>Ein Programm von K\u00f6ln im Film e.V. <br \/>in Zusammenarbeit mit dem Linden-Theater e.V.<\/strong><\/p>\n<p style=\"text-align: justify;\">Erleben Sie einen Reigen historischer Filmaufnahmen aus der Fr\u00fchzeit des Kinos.<\/p>\n<p><strong>Eintritt: 7,- \u20ac, erm\u00e4\u00dfigt: 4,- \u20ac<\/strong><\/p>\n<p>Alle Infos zu der Veranstaltung finden Sie<strong> <a href=\"https:\/\/www.linden-theater-frechen.de\/?page_id=125\" target=\"_blank\" rel=\"noopener noreferrer\">HIER<\/a>.<\/strong><\/p>\n<\/td>\n<\/tr>\n<tr>\n<td>\n<h3><a title=\"F-F Frechen-Film e.V.\" href=\"http:\/\/www.ff-frechen-film.de\/\" target=\"_self\" rel=\"noopener noreferrer\">Frechen-Film e.V<\/a>. zeigt am<br \/>Mittwoch, 29.04.2026, 20:00 Uhr:<\/h3>\n<h2 style=\"text-align: left;\">Die progressiven Nostalgiker<a href=\"https:\/\/i0.wp.com\/www.linden-theater-frechen.de\/wp-content\/uploads\/2026\/03\/Die-progressiven-Nostalgiker-Poster.jpg?ssl=1\"><img data-recalc-dims=\"1\" loading=\"lazy\" decoding=\"async\" class=\"alignright size-medium wp-image-16697\" src=\"https:\/\/i0.wp.com\/www.linden-theater-frechen.de\/wp-content\/uploads\/2026\/03\/Die-progressiven-Nostalgiker-Poster.jpg?resize=150%2C212&#038;ssl=1\" alt=\"\" width=\"150\" height=\"212\" srcset=\"https:\/\/i0.wp.com\/www.linden-theater-frechen.de\/wp-content\/uploads\/2026\/03\/Die-progressiven-Nostalgiker-Poster.jpg?resize=212%2C300&amp;ssl=1 212w, https:\/\/i0.wp.com\/www.linden-theater-frechen.de\/wp-content\/uploads\/2026\/03\/Die-progressiven-Nostalgiker-Poster.jpg?resize=106%2C150&amp;ssl=1 106w, https:\/\/i0.wp.com\/www.linden-theater-frechen.de\/wp-content\/uploads\/2026\/03\/Die-progressiven-Nostalgiker-Poster.jpg?resize=400%2C565&amp;ssl=1 400w, https:\/\/i0.wp.com\/www.linden-theater-frechen.de\/wp-content\/uploads\/2026\/03\/Die-progressiven-Nostalgiker-Poster.jpg?w=566&amp;ssl=1 566w\" sizes=\"auto, (max-width: 150px) 100vw, 150px\" \/><\/a><\/h2>\n<p style=\"text-align: justify;\"><strong>Kom\u00f6die: <\/strong>Michel und H\u00e9l\u00e8ne f\u00fchren ein beschauliches und rollentypisches Leben im Frankreich der 1950er-Jahre. Als ein Kurzschluss an der neuen Waschmaschine die beiden ins Jahr 2025 transportiert, \u00e4ndert sich ihr Weltbild auf einen Schlag. H\u00e9l\u00e8ne lebt auf, sucht sich einen Job und macht Karriere. Michel kommt jedoch nicht zurecht mit dieser neuen Welt. Am liebsten w\u00fcrde er die Waschmaschine noch einmal anwerfen. Aber w\u00fcrde das \u00fcberhaupt gelingen? Und was w\u00fcrde H\u00e9l\u00e8ne dazu sagen&#8230;?<strong><br \/><\/strong><\/p>\n<p style=\"text-align: justify;\"><strong>F\/B <\/strong>2025, <strong>Regie: <\/strong>Vinciane Millereau, <strong>Darsteller:<\/strong> Elsa Zylberstein (H\u00e9l\u00e8ne Dupuis) \u00b7 Didier Bourdon (Michel Dupuis) \u00b7 Mathilde Le Borgne (Jeanne Dupuis) \u00b7 Maxim Foster (Lucien Dupuis) \u00b7 Romain Cottard (Jacques) \u00b7 Barbara Chanut (Safia) \u00b7 C\u00e9line Fuhrer (Yvonne) \u00b7 Fran\u00e7ois Perache (Lantier) \u00b7 Esteban Delsaut (Andr\u00e9) \u00b7 Aurore Cl\u00e9ment (Marguerite) \u00b7 Didier Flamand (Henri)<\/p>\n<p style=\"text-align: justify;\"><strong>L\u00e4nge: <\/strong>103 Min, <a href=\"http:\/\/www.fsk.de\/kinostarts\" target=\"_blank\" rel=\"noopener\"><strong>FSK:<\/strong><\/a> ab 6 Jahre<\/p>\n<p style=\"text-align: justify;\"><strong><a href=\"https:\/\/www.filmstarts.de\/kritiken\/1000003120.html\">Trailer und weitere Filminfos<\/a> &#8211; <a title=\"Kartenreservierung\" href=\"https:\/\/www.linden-theater-frechen.de\/?page_id=14138\" target=\"_blank\" rel=\"noopener noreferrer\">Karten reservieren<\/a><\/strong><\/p>\n<\/td>\n<\/tr>\n<tr>\n<td>\n<h3>Do, 30.04.2026 bis Sa, 02.05.2026 sowie Mo, 04.05.2026 bis Di, 05.05.2026, jeweils 20:00 Uhr,<br \/>Fr, 01.05.2026 UND So, 03.05.2026 zus\u00e4tzlich auch um 16:00 Uhr,<br \/><span style=\"color: #ff0000;\">NUR So, 03.05.2026<\/span> um <span style=\"color: #ff0000;\">20:00 Uhr<\/span> in der <span style=\"color: #ff0000;\">englischen Originalfassung mit deutschen Untertiteln<\/span>:<\/h3>\n<h2 style=\"text-align: left;\">Der Super Mario Galaxy Film<a href=\"https:\/\/i0.wp.com\/www.linden-theater-frechen.de\/wp-content\/uploads\/2026\/04\/Super-Mario-Galaxy-Film-Poster.jpg?ssl=1\"><img data-recalc-dims=\"1\" loading=\"lazy\" decoding=\"async\" class=\"alignright size-medium wp-image-16739\" src=\"https:\/\/i0.wp.com\/www.linden-theater-frechen.de\/wp-content\/uploads\/2026\/04\/Super-Mario-Galaxy-Film-Poster.jpg?resize=150%2C212&#038;ssl=1\" alt=\"\" width=\"150\" height=\"212\" srcset=\"https:\/\/i0.wp.com\/www.linden-theater-frechen.de\/wp-content\/uploads\/2026\/04\/Super-Mario-Galaxy-Film-Poster.jpg?resize=212%2C300&amp;ssl=1 212w, https:\/\/i0.wp.com\/www.linden-theater-frechen.de\/wp-content\/uploads\/2026\/04\/Super-Mario-Galaxy-Film-Poster.jpg?resize=106%2C150&amp;ssl=1 106w, https:\/\/i0.wp.com\/www.linden-theater-frechen.de\/wp-content\/uploads\/2026\/04\/Super-Mario-Galaxy-Film-Poster.jpg?resize=400%2C566&amp;ssl=1 400w, https:\/\/i0.wp.com\/www.linden-theater-frechen.de\/wp-content\/uploads\/2026\/04\/Super-Mario-Galaxy-Film-Poster.jpg?w=565&amp;ssl=1 565w\" sizes=\"auto, (max-width: 150px) 100vw, 150px\" \/><\/a><\/h2>\n<p style=\"text-align: justify;\"><strong>Animation:<\/strong> Mario und Luigi haben sich im Reich von Prinzessin Peach niedergelassen und versuchen nebenbei, den geschrumpften Bowser auf den Weg der Tugend zur\u00fcckzubringen. Als dessen Sohn Bowser Jr. versucht, seinen Vater zu befreien und die Schwester der Prinzessin entf\u00fchrt, muss das Klempner-Duo zusammen mit seinen Freunden eine intergalaktische Reise antreten und erneut in den Kampf ziehen&#8230;<\/p>\n<p style=\"text-align: justify;\"><!--EndFragment --><\/p>\n<p style=\"text-align: justify;\"><strong>USA <\/strong>2026, <strong>Regie: <\/strong>Aaron Horvath, Michael Jelenic<\/p>\n<p style=\"text-align: justify;\"><strong>L\u00e4nge:<\/strong> 99 Min, <a href=\"http:\/\/www.fsk.de\/kinostarts\" target=\"_blank\" rel=\"noopener\"><strong>FSK:<\/strong><\/a><span style=\"color: #000000;\"> ab 6 Jahre<\/span><\/p>\n<p style=\"text-align: left;\"><a href=\"https:\/\/www.kino.de\/film\/der-super-mario-galaxy-film--01K563MHQQAFFGZY61WNKA7PFT\" target=\"_blank\" rel=\"noopener noreferrer\"><strong>Trailer und <\/strong><strong>weitere Filminfos<\/strong><\/a> <strong>&#8211; <a title=\"Kartenreservierung\" href=\"https:\/\/www.linden-theater-frechen.de\/?page_id=14138\" target=\"_blank\" rel=\"noopener noreferrer\">Karten reservieren <\/a><\/strong><\/p>\n<\/td>\n<\/tr>\n<tr>\n<td>\n<h3><a title=\"F-F Frechen-Film e.V.\" href=\"http:\/\/www.ff-frechen-film.de\/\" target=\"_self\" rel=\"noopener noreferrer\">Frechen-Film<\/a> e.V. zeigt am\nMittwoch, 06.05.2026, 19:30 Uhr (wegen \u00dcberl\u00e4nge):<\/h3>\n<h2>Crime\u00a0 101<a href=\"https:\/\/i0.wp.com\/www.linden-theater-frechen.de\/wp-content\/uploads\/2026\/04\/Crime-101-Poster.jpg?ssl=1\"><img data-recalc-dims=\"1\" loading=\"lazy\" decoding=\"async\" class=\"alignright size-medium wp-image-16747\" src=\"https:\/\/i0.wp.com\/www.linden-theater-frechen.de\/wp-content\/uploads\/2026\/04\/Crime-101-Poster.jpg?resize=212%2C300&#038;ssl=1\" alt=\"\" width=\"212\" height=\"300\" srcset=\"https:\/\/i0.wp.com\/www.linden-theater-frechen.de\/wp-content\/uploads\/2026\/04\/Crime-101-Poster.jpg?resize=212%2C300&amp;ssl=1 212w, https:\/\/i0.wp.com\/www.linden-theater-frechen.de\/wp-content\/uploads\/2026\/04\/Crime-101-Poster.jpg?resize=106%2C150&amp;ssl=1 106w, https:\/\/i0.wp.com\/www.linden-theater-frechen.de\/wp-content\/uploads\/2026\/04\/Crime-101-Poster.jpg?resize=400%2C566&amp;ssl=1 400w, https:\/\/i0.wp.com\/www.linden-theater-frechen.de\/wp-content\/uploads\/2026\/04\/Crime-101-Poster.jpg?w=565&amp;ssl=1 565w\" sizes=\"auto, (max-width: 212px) 100vw, 212px\" \/><\/a><\/h2>\n<p style=\"text-align: justify;\"><strong>Krimi\/Thriller:<\/strong>Davis ist ein brillanter und unberechenbarer Dieb, dessen \u00dcberfallserie die Polizei vor ein R\u00e4tsel stellt. Als er einen letzten Coup vorbereitet, trifft er auf die desillusionierte Versicherungsmanagerin Sharon, die selbst an einem Scheideweg steht. Sie m\u00fcssen zusammenarbeiten, obwohl sie einander kaum trauen. Orman, ein skrupelloser Konkurrent, tritt ebenfalls auf den Plan. W\u00e4hrend der Raub immer n\u00e4her r\u00fcckt, kommt Detective Lt. Lubesni der Spur des Teams gef\u00e4hrlich nahe.<strong>\n<\/strong><\/p>\n<p style=\"text-align: justify;\"><strong>USA\/GB <\/strong>2025, <strong>Regie: <\/strong>Bart Layton, <strong>Darsteller:<\/strong> Chris Hemsworth (Mike Davis) \u00b7 Halle Berry (Sharon) \u00b7 Mark Ruffalo (Detective Lou Lubesnick) \u00b7 Barry Keoghan (Ormon) \u00b7 Monica Barbaro (Maya) \u00b7 Corey Hawkins (Tillman) \u00b7 Jennifer Jason Leigh (Angie) \u00b7 Nick Nolte (Money) \u00b7 Tate Donovan (Steven Monroe) \u00b7 Peter Banifaz (Ben Haddad) \u00b7 Devon Bostick (Devon) \u00b7 Babak Tafti (Ali) \u00b7 Payman Maadi (Sammy Kassem) \u00b7 Paul Adelstein (Mark) \u00b7 Deborah Hedwall (Anne)<\/p>\n<strong>L\u00e4nge: <\/strong>139 Min, <a href=\"https:\/\/urldefense.com\/v3\/__https:\/www.linden-theater-frechen.de\/wp-admin\/admin-ajax.php?action=tnptr&amp;nltr=NTM5Ozk4NjtodHRwOi8vd3d3LmZzay5kZS9raW5vc3RhcnRzOztkN2U4NzgyYmE4MjQxN2I1Y2IzMmJmZDc0MDY2NzFmNg*3D*3D__;JSU!!JTSHVUr6R1OOzg!MW1hjj5xJBVcfAHm1RmeVFirs1i-0HAprSYd0MKKoL1732755g_JOb7RSxs2u1rRZZ9Sd9_RJxaDmuUUfmqV7krcuT3F8oenhix5Y74$\"><strong>FSK:<\/strong><\/a> ab 12 Jahre\n<p style=\"text-align: justify;\"><a title=\"Trailer + Filminfos\" href=\"https:\/\/www.kino.de\/film\/crime-101--01K8AXYTPFF05BCPMDWYHWAWV6\" target=\"_blank\" rel=\"noopener noreferrer\"><strong>Trailer und <\/strong><strong>weitere Filminfos<\/strong><\/a>\u00a0<strong>&#8211; <a title=\"Kartenreservierung\" href=\"https:\/\/www.linden-theater-frechen.de\/?page_id=14138\" target=\"_blank\" rel=\"noopener noreferrer\">Karten reservieren<\/a><\/strong><\/p>\n<\/td>\n<\/tr>\n<tr>\n<td>\n<h4>Sie m\u00f6chten unser Kino unterst\u00fctzen? Spenden <strong>Sie an den F\u00f6rderverein des Linden-Theaters<\/strong>:<\/h4>\n<p style=\"text-align: justify;\">Kontoinhaber: F-F Frechen-Film e.V.<br \/>IBAN: DE75 3706 2365 0706 3120 13<br \/>Volksbank Rhein-Erft-K\u00f6ln eG<br \/>BIC: GENODED1FHH<\/p>\n<p><em>Der Frechen-Film e.V. ist gemeinn\u00fctzig anerkannt (Vereinsregister K\u00f6ln, VR100477), Spenden sind steuerlich absetzbar. F\u00fcr Spenden bis 300\u20ac reicht Ihr Kontoauszug als Spendenquittung gegen\u00fcber dem Finanzamt aus. F\u00fcr den Erhalt einer Spendenquittung bitten wir um Angabe Ihrer Postadresse im Verwendungszweck der \u00dcberweisung.<\/em><\/p>\n<p>\u00dcber diese PayPal Schaltfl\u00e4che k\u00f6nnen Sie unmittelbar eine Spende mit \u00fcblichen elektronischen Zahlungsmitteln an uns senden. Wir freuen uns auch \u00fcber kleine Betr\u00e4ge.<\/p>\n<form action=\"https:\/\/www.paypal.com\/cgi-bin\/webscr\" method=\"post\" target=\"_top\"><input name=\"cmd\" type=\"hidden\" value=\"_s-xclick\" \/> <input name=\"hosted_button_id\" type=\"hidden\" value=\"XQYL65NN3WS92\" \/> <input title=\"PayPal - The safer, easier way to pay online!\" alt=\"Spenden mit dem PayPal-Button\" name=\"submit\" src=\"https:\/\/www.linden-theater-frechen.de\/wp-content\/uploads\/2020\/04\/PayPal_Button_FF.png\" type=\"image\" \/><\/form><\/td>\n<\/tr>\n<\/tbody>\n<\/table>\n\n\n<p><\/p>\n","protected":false},"excerpt":{"rendered":"<p> Do, 16.04.2026 bis Di, 21.04.2026, jeweils 20:00 Uhr: Horst Schl\u00e4mmer sucht das Gl\u00fcck <\/p>\n<p style=\"text-align: justify;\">Kom\u00f6die: Horst Schl\u00e4mmer, stellvertretender Chefredakteur des kleinen Lokalblatts \u201eGrevenbroicher Tagblatt\u201c sieht die Laune im Land im Keller. Wie soll man aus diesem Loch wieder rauskommen, vielleicht sogar wieder gl\u00fccklich werden? Horst Schl\u00e4mmer will Antworten finden. Also macht er sich [&#8230;]<\/p>\n","protected":false},"author":3,"featured_media":0,"parent":0,"menu_order":3,"comment_status":"closed","ping_status":"closed","template":"","meta":{"jetpack_post_was_ever_published":false,"footnotes":""},"class_list":["post-6","page","type-page","status-publish","hentry","odd"],"jetpack_shortlink":"https:\/\/wp.me\/P3dBae-6","jetpack_sharing_enabled":true,"_links":{"self":[{"href":"https:\/\/www.linden-theater-frechen.de\/index.php?rest_route=\/wp\/v2\/pages\/6","targetHints":{"allow":["GET"]}}],"collection":[{"href":"https:\/\/www.linden-theater-frechen.de\/index.php?rest_route=\/wp\/v2\/pages"}],"about":[{"href":"https:\/\/www.linden-theater-frechen.de\/index.php?rest_route=\/wp\/v2\/types\/page"}],"author":[{"embeddable":true,"href":"https:\/\/www.linden-theater-frechen.de\/index.php?rest_route=\/wp\/v2\/users\/3"}],"replies":[{"embeddable":true,"href":"https:\/\/www.linden-theater-frechen.de\/index.php?rest_route=%2Fwp%2Fv2%2Fcomments&post=6"}],"version-history":[{"count":1085,"href":"https:\/\/www.linden-theater-frechen.de\/index.php?rest_route=\/wp\/v2\/pages\/6\/revisions"}],"predecessor-version":[{"id":16744,"href":"https:\/\/www.linden-theater-frechen.de\/index.php?rest_route=\/wp\/v2\/pages\/6\/revisions\/16744"}],"wp:attachment":[{"href":"https:\/\/www.linden-theater-frechen.de\/index.php?rest_route=%2Fwp%2Fv2%2Fmedia&parent=6"}],"curies":[{"name":"wp","href":"https:\/\/api.w.org\/{rel}","templated":true}]}}