{"id":6351,"date":"2015-11-07T18:41:01","date_gmt":"2015-11-07T16:41:01","guid":{"rendered":"http:\/\/linden-theater-frechen.de\/?page_id=6351"},"modified":"2020-01-25T03:24:28","modified_gmt":"2020-01-25T01:24:28","slug":"sondervorstellungen-fuer-schulen-und-kindergaerten","status":"publish","type":"page","link":"https:\/\/www.linden-theater-frechen.de\/?page_id=6351","title":{"rendered":"Sondervorstellungen f\u00fcr Schulen und Kinderg\u00e4rten"},"content":{"rendered":"<p>Besuchen Sie uns mit Ihrer Schulklasse und erleben Sie im Kino Unterricht einmal ganz anders.<\/p>\n<p>Schulvorstellungen bieten wir zu Filmen aus dem aktuellen Programm ebenso wie zu \u00e4lteren Filmen an. Mit diesen Filmen k\u00f6nnen Sie ein Unterrichtsthema interessant einleiten und Ihren Sch\u00fclern eine ausgezeichnete Grundlage f\u00fcr eine lebhafte und engagierte Diskussionsrunde in den anschlie\u00dfenden Schulstunden liefern.<\/p>\n<p>Die Vorstellungen beginnen zu einem mit Ihnen abgestimmten Termin am Vormittag. Der Eintrittspreis pro Person richtet sich nach der Anzahl der Sch\u00fcler und Begleitpersonen. Die genaue Abstimmung\/Verf\u00fcgbarkeit erfolgt mit uns.<\/p>\n<p>Schreiben Sie uns \u00fcber unser <a href=\"https:\/\/www.linden-theater-frechen.de\/?page_id=158\">Kontaktformular<\/a> die Anzahl der Sch\u00fcler (ggfs. Alter\/Klassenstufe), Ihren Filmwunsch und Wunschtermin, dann setzen wir uns mit Ihnen in Verbindung.<\/p>\n<p>Gern k\u00f6nnen Sie uns auch mit Ihrer Kindergartengruppe besuchen.<\/p>\n<p>Neben der Durchf\u00fchrung von Filmveranstaltungen k\u00f6nnen wir kleineren Besuchergruppen auch einen Blick hinter die Kulissen unseres denkmalgesch\u00fctzten Kinos gew\u00e4hren, spezielle Aspekte des Kinobetriebs erl\u00e4utern, und nat\u00fcrlich unsere hochinteressante historische ebenso wie die moderne Projektions- und Tontechnik nebeneinander demonstrieren.<\/p>\n<p>Informationen und Unterrichtsmaterial zu vielen Filmen finden Sie bei <a href=\"https:\/\/www.visionkino.de\" target=\"_blank\" rel=\"noopener noreferrer\"><strong>VISION KINO<\/strong><\/a><\/p>\n<p>&#8218;VISION KINO ist eine gemeinn\u00fctzige Gesellschaft zur F\u00f6rderung der Film- und Medienkompetenz von Kindern und Jugendlichen. Sie wird unterst\u00fctzt von der Beauftragten der Bundesregierung f\u00fcr Kultur und Medien, der Filmf\u00f6rderungsanstalt, der Stiftung Deutsche Kinemathek sowie der \u201eKino macht Schule\u201c GbR, bestehend aus dem Verband der Filmverleiher e.V., dem HDF Kino e.V., der Arbeitsgemeinschaft Kino \u2013 Gilde deutscher Filmkunsttheater e.V. und dem Bundesverband kommunale Filmarbeit e.V. Die Schirmherrschaft \u00fcber VISION KINO hat Bundespr\u00e4sident Frank-Walter Steinmeier \u00fcbernommen.<\/p>\n<p>Ziel und Aufgabe von VISION KINO ist es, als Teil der kulturellen Jugendbildung und im Rahmen einer \u00fcbergreifenden Medienkompetenz, insbesondere die Filmkompetenz von Kindern und Jugendlichen zu st\u00e4rken und sie gleichzeitig f\u00fcr den Kulturort und origin\u00e4ren Rezeptionsort des Films, das Kino, zu sensibilisieren.&#8216;<\/p>\n","protected":false},"excerpt":{"rendered":"<p>Besuchen Sie uns mit Ihrer Schulklasse und erleben Sie im Kino Unterricht einmal ganz anders.<\/p>\n<p>Schulvorstellungen bieten wir zu Filmen aus dem aktuellen Programm ebenso wie zu \u00e4lteren Filmen an. Mit diesen Filmen k\u00f6nnen Sie ein Unterrichtsthema interessant einleiten und Ihren Sch\u00fclern eine ausgezeichnete Grundlage f\u00fcr eine lebhafte und engagierte Diskussionsrunde in den anschlie\u00dfenden Schulstunden [&#8230;]<\/p>\n","protected":false},"author":2,"featured_media":0,"parent":10,"menu_order":0,"comment_status":"closed","ping_status":"closed","template":"","meta":{"jetpack_post_was_ever_published":false,"footnotes":""},"class_list":["post-6351","page","type-page","status-publish","hentry","odd"],"jetpack_shortlink":"https:\/\/wp.me\/P3dBae-1Er","jetpack_sharing_enabled":true,"_links":{"self":[{"href":"https:\/\/www.linden-theater-frechen.de\/index.php?rest_route=\/wp\/v2\/pages\/6351","targetHints":{"allow":["GET"]}}],"collection":[{"href":"https:\/\/www.linden-theater-frechen.de\/index.php?rest_route=\/wp\/v2\/pages"}],"about":[{"href":"https:\/\/www.linden-theater-frechen.de\/index.php?rest_route=\/wp\/v2\/types\/page"}],"author":[{"embeddable":true,"href":"https:\/\/www.linden-theater-frechen.de\/index.php?rest_route=\/wp\/v2\/users\/2"}],"replies":[{"embeddable":true,"href":"https:\/\/www.linden-theater-frechen.de\/index.php?rest_route=%2Fwp%2Fv2%2Fcomments&post=6351"}],"version-history":[{"count":8,"href":"https:\/\/www.linden-theater-frechen.de\/index.php?rest_route=\/wp\/v2\/pages\/6351\/revisions"}],"predecessor-version":[{"id":12132,"href":"https:\/\/www.linden-theater-frechen.de\/index.php?rest_route=\/wp\/v2\/pages\/6351\/revisions\/12132"}],"up":[{"embeddable":true,"href":"https:\/\/www.linden-theater-frechen.de\/index.php?rest_route=\/wp\/v2\/pages\/10"}],"wp:attachment":[{"href":"https:\/\/www.linden-theater-frechen.de\/index.php?rest_route=%2Fwp%2Fv2%2Fmedia&parent=6351"}],"curies":[{"name":"wp","href":"https:\/\/api.w.org\/{rel}","templated":true}]}}