{"id":714,"date":"2010-02-14T20:14:50","date_gmt":"2010-02-14T19:14:50","guid":{"rendered":"http:\/\/www.lindentheater-frechen.de\/?page_id=714"},"modified":"2023-01-30T17:48:48","modified_gmt":"2023-01-30T15:48:48","slug":"werbung-im-linden-theater","status":"publish","type":"page","link":"https:\/\/www.linden-theater-frechen.de\/?page_id=714","title":{"rendered":"Werbung im Linden-Theater"},"content":{"rendered":"<p style=\"padding-left: 30px;\"><a class=\"lightbox\" title=\"Kinowerbung Logo\" href=\"https:\/\/i0.wp.com\/www.lindentheater-frechen.de\/wp-content\/uploads\/2010\/02\/Kinowerbung-Logo.png?ssl=1\"><img data-recalc-dims=\"1\" loading=\"lazy\" decoding=\"async\" class=\"aligncenter size-medium wp-image-717\" title=\"Kinowerbung Logo\" src=\"https:\/\/i0.wp.com\/www.lindentheater-frechen.de\/wp-content\/uploads\/2010\/02\/Kinowerbung-Logo-300x139.png?resize=373%2C171&#038;ssl=1\" alt=\"\" width=\"373\" height=\"171\" srcset=\"https:\/\/i0.wp.com\/www.linden-theater-frechen.de\/wp-content\/uploads\/2010\/02\/Kinowerbung-Logo.png?resize=300%2C139&amp;ssl=1 300w, https:\/\/i0.wp.com\/www.linden-theater-frechen.de\/wp-content\/uploads\/2010\/02\/Kinowerbung-Logo.png?resize=150%2C69&amp;ssl=1 150w, https:\/\/i0.wp.com\/www.linden-theater-frechen.de\/wp-content\/uploads\/2010\/02\/Kinowerbung-Logo.png?zoom=2&amp;resize=373%2C171&amp;ssl=1 746w\" sizes=\"auto, (max-width: 373px) 100vw, 373px\" \/><\/a><\/p>\n<p>Sie m\u00f6chten lokal Werbung f\u00fcr Ihr Unternehmen, Ihren Verein oder ein spezielles Event machen? Wir bieten Ihnen im Linden-Theater dazu die M\u00f6glichkeit. Folgende Alternativen haben Sie:<\/p>\n<ul>\n<li>W\u00e4hrend des 30-min\u00fctigen Einlasses vor Filmbeginn l\u00e4uft eine Powerpoint-Pr\u00e4sentation mit verschiedenen Folien, darunter kommerzielle Werbedias, Werbung f\u00fcr unsere Filme und Wissenswertes rund um das Linden-Theater.<\/li>\n<\/ul>\n<p style=\"padding-left: 60px;\">Informationen rund um diese Werbeform finden Sie im folgenden Dokument:<br \/>\n<span style=\"color: #ff0000;\"><span style=\"color: #000000;\"><a href=\"https:\/\/www.linden-theater-frechen.de\/wp-content\/uploads\/2023\/01\/Folienwerbung-Stand-2023-02.pdf\">Folienwerbung<\/a><br \/>\n(Stand: Februar 2023)<\/span><br \/>\n<\/span><br \/>\nBei Interesse k\u00f6nnen Sie sich den <a href=\"https:\/\/www.linden-theater-frechen.de\/wp-content\/uploads\/2010\/02\/Anzeigenauftrag1.pdf\">Anzeigenauftrag<\/a>, unser <a href=\"https:\/\/www.linden-theater-frechen.de\/wp-content\/uploads\/2010\/02\/Masterdia_16_9_neu.pptx\" target=\"_blank\" rel=\"noopener\">Masterdia<\/a> sowie eine <a href=\"https:\/\/www.linden-theater-frechen.de\/wp-content\/uploads\/2010\/02\/Erl\u00e4uterungen-zur-Erstellung-einer-Diafolie-f\u00fcr-das-Vorprogramm-1.pdf\" target=\"_blank\" rel=\"noopener\">Erl\u00e4uterung<\/a> zur Erstellung der Folie herunterladen.<\/p>\n<ul>\n<li>Sie werben auf der R\u00fcckseite unserer w\u00f6chentlichen Handzettel. Bitte sprechen Sie uns an, wenn Sie Interesse an dieser Form der Werbung haben.<\/li>\n<\/ul>\n<ul>\n<li>Haben Sie Interesse an einem Werbetrailer im DCI-Format, wenden Sie sich bitte an unseren Werbemittler <a href=\"https:\/\/weischer.media\/de\/de\/kinowerbung\/weischercinema\/#wer-wir-sind\" target=\"_blank\" rel=\"noopener\">Weischer Media<\/a>.<\/li>\n<\/ul>\n<p>R\u00fcckfragen oder fertige Werbefolien senden Sie bitte per E-Mail an <a href=\"mailto:\/\/werbung@linden-theater-frechen.de\">werbung@linden-theater-frechen.de<\/a><\/p>\n","protected":false},"excerpt":{"rendered":"<p style=\"padding-left: 30px;\">\n<p>Sie m\u00f6chten lokal Werbung f\u00fcr Ihr Unternehmen, Ihren Verein oder ein spezielles Event machen? Wir bieten Ihnen im Linden-Theater dazu die M\u00f6glichkeit. Folgende Alternativen haben Sie:<\/p>\n<p> W\u00e4hrend des 30-min\u00fctigen Einlasses vor Filmbeginn l\u00e4uft eine Powerpoint-Pr\u00e4sentation mit verschiedenen Folien, darunter kommerzielle Werbedias, Werbung f\u00fcr unsere Filme und Wissenswertes rund um das Linden-Theater. <\/p>\n<p [...] \n\n","protected":false},"author":3,"featured_media":0,"parent":10,"menu_order":8,"comment_status":"open","ping_status":"closed","template":"","meta":{"jetpack_post_was_ever_published":false,"footnotes":""},"class_list":["post-714","page","type-page","status-publish","hentry","odd"],"jetpack_shortlink":"https:\/\/wp.me\/P3dBae-bw","jetpack_sharing_enabled":true,"_links":{"self":[{"href":"https:\/\/www.linden-theater-frechen.de\/index.php?rest_route=\/wp\/v2\/pages\/714","targetHints":{"allow":["GET"]}}],"collection":[{"href":"https:\/\/www.linden-theater-frechen.de\/index.php?rest_route=\/wp\/v2\/pages"}],"about":[{"href":"https:\/\/www.linden-theater-frechen.de\/index.php?rest_route=\/wp\/v2\/types\/page"}],"author":[{"embeddable":true,"href":"https:\/\/www.linden-theater-frechen.de\/index.php?rest_route=\/wp\/v2\/users\/3"}],"replies":[{"embeddable":true,"href":"https:\/\/www.linden-theater-frechen.de\/index.php?rest_route=%2Fwp%2Fv2%2Fcomments&post=714"}],"version-history":[{"count":3,"href":"https:\/\/www.linden-theater-frechen.de\/index.php?rest_route=\/wp\/v2\/pages\/714\/revisions"}],"predecessor-version":[{"id":14167,"href":"https:\/\/www.linden-theater-frechen.de\/index.php?rest_route=\/wp\/v2\/pages\/714\/revisions\/14167"}],"up":[{"embeddable":true,"href":"https:\/\/www.linden-theater-frechen.de\/index.php?rest_route=\/wp\/v2\/pages\/10"}],"wp:attachment":[{"href":"https:\/\/www.linden-theater-frechen.de\/index.php?rest_route=%2Fwp%2Fv2%2Fmedia&parent=714"}],"curies":[{"name":"wp","href":"https:\/\/api.w.org\/{rel}","templated":true}]}}